{"id":644,"date":"2022-07-22T11:45:39","date_gmt":"2022-07-22T09:45:39","guid":{"rendered":"http:\/\/magnetiseuse-noeux-les-mines.com\/?page_id=644"},"modified":"2022-10-07T12:33:07","modified_gmt":"2022-10-07T10:33:07","slug":"galerie","status":"publish","type":"page","link":"https:\/\/magnetiseuse-noeux-les-mines.com\/index.php\/galerie\/","title":{"rendered":"Galerie"},"content":{"rendered":"\n<div class=\"wp-block-group alignfull is-layout-flow wp-block-group-is-layout-flow\">\n<div class=\"wp-block-cover alignfull is-light has-parallax\" style=\"background-image:url(http:\/\/magnetiseuse-noeux-les-mines.com\/wp-content\/uploads\/2022\/07\/hiver.webp)\"><span aria-hidden=\"true\" class=\"wp-block-cover__background has-background-dim-0 has-background-dim\"><\/span><div class=\"wp-block-cover__inner-container is-layout-flow wp-block-cover-is-layout-flow\">\n<h1 class=\"alignfull has-text-align-center has-white-color has-text-color has-x-large-font-size wp-block-heading\">Galerie photos de Marie Ange DELVAL \u00e0 N\u0153ux-les-Mines<\/h1>\n\n\n\n<div style=\"height:100px\" aria-hidden=\"true\" class=\"wp-block-spacer\"><\/div>\n\n\n\n<div class=\"wp-block-buttons is-layout-flex wp-block-buttons-is-layout-flex\">\n<div class=\"wp-block-button is-style-outline is-style-outline--1\"><a class=\"wp-block-button__link has-black-color has-text-color has-background\" href=\"http:\/\/magnetiseuse-noeux-les-mines.com\/index.php\/contact\/\" style=\"background:radial-gradient(rgba(252,185,0,1) 0%,rgba(255,105,0,1) 100%)\">contactez-la<\/a><\/div>\n<\/div>\n<\/div><\/div>\n<\/div>\n\n\n\n<div style=\"height:100px\" aria-hidden=\"true\" class=\"wp-block-spacer\"><\/div>\n\n\n\n<div class=\"wp-block-group alignfull has-background is-layout-flow wp-block-group-is-layout-flow\" style=\"background-color:#ccfbfb\">\n<h1 class=\"alignfull has-text-align-center has-luminous-vivid-amber-color has-text-color has-x-large-font-size wp-block-heading\">Votre praticienne<\/h1>\n\n\n\n<div class=\"wp-block-media-text alignwide is-stacked-on-mobile\"><figure class=\"wp-block-media-text__media\"><img loading=\"lazy\" decoding=\"async\" width=\"750\" height=\"600\" src=\"http:\/\/magnetiseuse-noeux-les-mines.com\/wp-content\/uploads\/2022\/06\/MarieAnge.jpg-2880w.webp\" alt=\"\" class=\"wp-image-285 size-full\" srcset=\"https:\/\/magnetiseuse-noeux-les-mines.com\/wp-content\/uploads\/2022\/06\/MarieAnge.jpg-2880w.webp 750w, https:\/\/magnetiseuse-noeux-les-mines.com\/wp-content\/uploads\/2022\/06\/MarieAnge.jpg-2880w-300x240.webp 300w, https:\/\/magnetiseuse-noeux-les-mines.com\/wp-content\/uploads\/2022\/06\/MarieAnge.jpg-2880w-600x480.webp 600w\" sizes=\"auto, (max-width: 750px) 100vw, 750px\" \/><\/figure><div class=\"wp-block-media-text__content\">\n<p class=\"has-text-align-center has-x-large-font-size\"><strong>\u00ab\u00a0Marie Ange\u00a0\u00bb<\/strong><\/p>\n<\/div><\/div>\n\n\n\n<p><\/p>\n\n\n\n<div class=\"wp-block-media-text alignwide has-media-on-the-right is-stacked-on-mobile\"><figure class=\"wp-block-media-text__media\"><img loading=\"lazy\" decoding=\"async\" width=\"320\" height=\"238\" src=\"http:\/\/magnetiseuse-noeux-les-mines.com\/wp-content\/uploads\/2022\/07\/professeur-320w.webp\" alt=\"\" class=\"wp-image-509 size-full\" srcset=\"https:\/\/magnetiseuse-noeux-les-mines.com\/wp-content\/uploads\/2022\/07\/professeur-320w.webp 320w, https:\/\/magnetiseuse-noeux-les-mines.com\/wp-content\/uploads\/2022\/07\/professeur-320w-300x223.webp 300w\" sizes=\"auto, (max-width: 320px) 100vw, 320px\" \/><\/figure><div class=\"wp-block-media-text__content\">\n<p class=\"has-text-align-center has-x-large-font-size\"><strong>Professeur &#8211;  Docteur B\u00f9i Qu\u00f4c Ch\u00e2u<\/strong><\/p>\n<\/div><\/div>\n\n\n\n<h1 style=\"text-align: left;\"><strong>\u00a0\u00a0\u00a0\u00a0\u00a0\u00a0\u00a0\u00a0\u00a0\u00a0\u00a0\u00a0\u00a0\u00a0\u00a0\u00a0\u00a0\u00a0\u00a0\u00a0\u00a0\u00a0\u00a0\u00a0\u00a0\u00a0\u00a0\u00a0\u00a0\u00a0\u00a0\u00a0\u00a0\u00a0\u00a0\u00a0\u00a0\u00a0\u00a0\u00a0\u00a0\u00a0\u00a0\u00a0\u00a0\u00a0\u00a0\u00a0\u00a0\u00a0\u00a0\u00a0\u00a0\u00a0\u00a0\u00a0\u00a0\u00a0\u00a0\u00a0\u00a0\u00a0\u00a0\u00a0\u00a0\u00a0\u00a0\u00a0\u00a0\u00a0\u00a0 \u00a0 \u00a0\u00a0\u00a0\u00a0\u00a0 Le Yen<\/strong><\/h1>\n\n\n\n<div class=\"wp-block-media-text alignwide is-stacked-on-mobile\"><figure class=\"wp-block-media-text__media\"><img loading=\"lazy\" decoding=\"async\" width=\"320\" height=\"238\" src=\"http:\/\/magnetiseuse-noeux-les-mines.com\/wp-content\/uploads\/2022\/07\/dien-chan-dieu-khien-lieu-phap-bui-quoc-chau.jpg-320w.webp\" alt=\"\" class=\"wp-image-510 size-full\" srcset=\"https:\/\/magnetiseuse-noeux-les-mines.com\/wp-content\/uploads\/2022\/07\/dien-chan-dieu-khien-lieu-phap-bui-quoc-chau.jpg-320w.webp 320w, https:\/\/magnetiseuse-noeux-les-mines.com\/wp-content\/uploads\/2022\/07\/dien-chan-dieu-khien-lieu-phap-bui-quoc-chau.jpg-320w-300x223.webp 300w\" sizes=\"auto, (max-width: 320px) 100vw, 320px\" \/><\/figure><div class=\"wp-block-media-text__content\">\n<p><\/p>\n<\/div><\/div>\n\n\n\n<div class=\"wp-block-media-text alignwide has-media-on-the-right is-stacked-on-mobile\"><figure class=\"wp-block-media-text__media\"><img loading=\"lazy\" decoding=\"async\" width=\"720\" height=\"537\" src=\"http:\/\/magnetiseuse-noeux-les-mines.com\/wp-content\/uploads\/2022\/06\/multi_reflexologie-712d8897-1920w.webp\" alt=\"\" class=\"wp-image-86 size-full\" srcset=\"https:\/\/magnetiseuse-noeux-les-mines.com\/wp-content\/uploads\/2022\/06\/multi_reflexologie-712d8897-1920w.webp 720w, https:\/\/magnetiseuse-noeux-les-mines.com\/wp-content\/uploads\/2022\/06\/multi_reflexologie-712d8897-1920w-300x224.webp 300w, https:\/\/magnetiseuse-noeux-les-mines.com\/wp-content\/uploads\/2022\/06\/multi_reflexologie-712d8897-1920w-600x448.webp 600w\" sizes=\"auto, (max-width: 720px) 100vw, 720px\" \/><\/figure><div class=\"wp-block-media-text__content\">\n<p><\/p>\n<\/div><\/div>\n<\/div>\n\n\n\n<div class=\"wp-block-group alignfull is-layout-flow wp-block-group-is-layout-flow\">\n<div class=\"wp-block-cover alignfull is-light has-parallax\" style=\"background-image:url(http:\/\/magnetiseuse-noeux-les-mines.com\/wp-content\/uploads\/2022\/06\/calme_serein_magnetisme-1920w-2.webp);min-height:895px;aspect-ratio:unset;\"><span aria-hidden=\"true\" class=\"wp-block-cover__background has-background-dim-30 has-background-dim\"><\/span><div class=\"wp-block-cover__inner-container is-layout-flow wp-block-cover-is-layout-flow\">\n<p class=\"has-text-align-center has-luminous-vivid-amber-color has-text-color has-large-font-size\">R\u00e9f\u00e9rences<\/p>\n\n\n\n<div class=\"wp-block-media-text alignwide is-stacked-on-mobile is-vertically-aligned-center\" style=\"grid-template-columns:21% auto\"><figure class=\"wp-block-media-text__media\"><a href=\"https:\/\/www.academiedienchan.com\"><img loading=\"lazy\" decoding=\"async\" width=\"320\" height=\"320\" src=\"http:\/\/magnetiseuse-noeux-les-mines.com\/wp-content\/uploads\/2022\/06\/AcademieDienChan.jpg-384w.webp\" alt=\"\" class=\"wp-image-124 size-full\" srcset=\"https:\/\/magnetiseuse-noeux-les-mines.com\/wp-content\/uploads\/2022\/06\/AcademieDienChan.jpg-384w.webp 320w, https:\/\/magnetiseuse-noeux-les-mines.com\/wp-content\/uploads\/2022\/06\/AcademieDienChan.jpg-384w-300x300.webp 300w, https:\/\/magnetiseuse-noeux-les-mines.com\/wp-content\/uploads\/2022\/06\/AcademieDienChan.jpg-384w-150x150.webp 150w\" sizes=\"auto, (max-width: 320px) 100vw, 320px\" \/><\/a><\/figure><div class=\"wp-block-media-text__content\">\n<h1 class=\"has-black-color has-text-color wp-block-heading\" id=\"1663584955\">Acad\u00e9mie Dien Chan de Paris<\/h1>\n\n\n\n<div style=\"height:25px\" aria-hidden=\"true\" class=\"wp-block-spacer\"><\/div>\n\n\n\n<h5 class=\"has-cyan-bluish-gray-color has-text-color wp-block-heading\">Cliquez sur l&rsquo;image pour visit\u00e9 le site<\/h5>\n<\/div><\/div>\n\n\n\n<hr class=\"wp-block-separator has-alpha-channel-opacity is-style-dots\"\/>\n\n\n\n<div class=\"wp-block-media-text alignwide is-stacked-on-mobile\" style=\"grid-template-columns:21% auto\"><figure class=\"wp-block-media-text__media\"><a href=\"https:\/\/flmne.org\"><img loading=\"lazy\" decoding=\"async\" width=\"390\" height=\"390\" src=\"http:\/\/magnetiseuse-noeux-les-mines.com\/wp-content\/uploads\/2022\/06\/FaculteLibredeMedecinesNaturellesetd-Ethnomedecine.jpg-392w.webp\" alt=\"\" class=\"wp-image-125 size-full\" srcset=\"https:\/\/magnetiseuse-noeux-les-mines.com\/wp-content\/uploads\/2022\/06\/FaculteLibredeMedecinesNaturellesetd-Ethnomedecine.jpg-392w.webp 390w, https:\/\/magnetiseuse-noeux-les-mines.com\/wp-content\/uploads\/2022\/06\/FaculteLibredeMedecinesNaturellesetd-Ethnomedecine.jpg-392w-300x300.webp 300w, https:\/\/magnetiseuse-noeux-les-mines.com\/wp-content\/uploads\/2022\/06\/FaculteLibredeMedecinesNaturellesetd-Ethnomedecine.jpg-392w-150x150.webp 150w\" sizes=\"auto, (max-width: 390px) 100vw, 390px\" \/><\/a><\/figure><div class=\"wp-block-media-text__content\">\n<h1 class=\"wp-block-heading\" id=\"1950221897\">Facult\u00e9 Libre de M\u00e9decines<\/h1>\n\n\n\n<h1 class=\"wp-block-heading\" id=\"1950221897\">Naturelles et d&rsquo;Ethnom\u00e9decine<\/h1>\n\n\n\n<h5 class=\"has-cyan-bluish-gray-color has-text-color wp-block-heading\">Cliquez sur l&rsquo;image pour visit\u00e9 le site<\/h5>\n<\/div><\/div>\n\n\n\n<hr class=\"wp-block-separator has-alpha-channel-opacity is-style-dots\"\/>\n\n\n\n<div class=\"wp-block-media-text alignwide is-stacked-on-mobile\" style=\"grid-template-columns:21% auto\"><figure class=\"wp-block-media-text__media\"><a href=\"https:\/\/www.herbolistique.com\"><img loading=\"lazy\" decoding=\"async\" width=\"206\" height=\"153\" src=\"http:\/\/magnetiseuse-noeux-les-mines.com\/wp-content\/uploads\/2022\/09\/Logo-Herbolistique.jpg\" alt=\"Logo-Herbolistique*\" class=\"wp-image-967 size-full\"\/><\/a><\/figure><div class=\"wp-block-media-text__content\">\n<h1 class=\"has-large-font-size wp-block-heading\">Les Laboratoires Herbolistique\u00a0<\/h1>\n\n\n\n<h5 class=\"has-cyan-bluish-gray-color has-text-color wp-block-heading\">Cliquez sur l&rsquo;image pour visit\u00e9 le site<\/h5>\n<\/div><\/div>\n<\/div><\/div>\n<\/div>\n\n\n\n<div class=\"wp-block-group alignfull has-background is-layout-flow wp-block-group-is-layout-flow\" style=\"background:radial-gradient(rgba(6,147,227,1) 0%,rgb(155,81,224) 100%)\">\n<figure class=\"wp-block-image alignwide size-large\"><img loading=\"lazy\" decoding=\"async\" width=\"1024\" height=\"717\" src=\"http:\/\/magnetiseuse-noeux-les-mines.com\/wp-content\/uploads\/2022\/06\/pochette-dvd-1024x717.jpg\" alt=\"\" class=\"wp-image-343\" srcset=\"https:\/\/magnetiseuse-noeux-les-mines.com\/wp-content\/uploads\/2022\/06\/pochette-dvd-1024x717.jpg 1024w, https:\/\/magnetiseuse-noeux-les-mines.com\/wp-content\/uploads\/2022\/06\/pochette-dvd-300x210.jpg 300w, https:\/\/magnetiseuse-noeux-les-mines.com\/wp-content\/uploads\/2022\/06\/pochette-dvd-768x538.jpg 768w, https:\/\/magnetiseuse-noeux-les-mines.com\/wp-content\/uploads\/2022\/06\/pochette-dvd-1536x1076.jpg 1536w, https:\/\/magnetiseuse-noeux-les-mines.com\/wp-content\/uploads\/2022\/06\/pochette-dvd-2048x1434.jpg 2048w, https:\/\/magnetiseuse-noeux-les-mines.com\/wp-content\/uploads\/2022\/06\/pochette-dvd-2000x1401.jpg 2000w, https:\/\/magnetiseuse-noeux-les-mines.com\/wp-content\/uploads\/2022\/06\/pochette-dvd-600x420.jpg 600w\" sizes=\"auto, (max-width: 1024px) 100vw, 1024px\" \/><\/figure>\n\n\n\n<div class=\"wp-block-buttons alignfull is-layout-flex wp-block-buttons-is-layout-flex\">\n<div class=\"wp-block-button aligncenter is-style-outline is-style-outline--2\"><a class=\"wp-block-button__link has-black-color has-text-color has-background\" href=\"http:\/\/magnetiseuse-noeux-les-mines.com\/index.php\/reportages-articles\/\" style=\"background:radial-gradient(rgba(252,185,0,1) 0%,rgba(255,105,0,1) 100%)\">film documentaire \u00ab\u00a0Marie Ange\u00a0\u00bb<\/a><\/div>\n<\/div>\n\n\n\n<div style=\"height:100px\" aria-hidden=\"true\" class=\"wp-block-spacer\"><\/div>\n\n\n\n<div class=\"wp-block-group is-layout-flow wp-block-group-is-layout-flow\">\n<p><img loading=\"lazy\" decoding=\"async\" class=\"wp-image-285 alignleft\" src=\"http:\/\/magnetiseuse-noeux-les-mines.com\/wp-content\/uploads\/2022\/06\/MarieAnge.jpg-2880w-300x240.webp\" alt=\"\" width=\"512\" height=\"410\" srcset=\"https:\/\/magnetiseuse-noeux-les-mines.com\/wp-content\/uploads\/2022\/06\/MarieAnge.jpg-2880w-300x240.webp 300w, https:\/\/magnetiseuse-noeux-les-mines.com\/wp-content\/uploads\/2022\/06\/MarieAnge.jpg-2880w-600x480.webp 600w, https:\/\/magnetiseuse-noeux-les-mines.com\/wp-content\/uploads\/2022\/06\/MarieAnge.jpg-2880w.webp 750w\" sizes=\"auto, (max-width: 512px) 100vw, 512px\" \/><img loading=\"lazy\" decoding=\"async\" class=\"alignnone  wp-image-173\" src=\"http:\/\/magnetiseuse-noeux-les-mines.com\/wp-content\/uploads\/2022\/06\/Marie-2BAnge-2Bre-CC-81duite-2BLa-2BReine-1280w.webp\" alt=\"\" width=\"222\" height=\"411\"><\/p>\n<\/div>\n<\/div>\n\n\n\n<div style=\"height:35px\" aria-hidden=\"true\" class=\"wp-block-spacer\"><\/div>\n\n\n\n<div class=\"wp-block-columns alignwide has-blush-light-purple-gradient-background has-background is-layout-flex wp-container-core-columns-is-layout-28f84493 wp-block-columns-is-layout-flex\">\n<div class=\"wp-block-column is-layout-flow wp-block-column-is-layout-flow\"><div id=\"google-business-reviews-rating\" class=\"google-business-reviews-rating gmbrr narrow center stars-css carousel\" data-view=\"11\">\r\n\t<h2 class=\"heading\"><span class=\"icon\"><img decoding=\"async\" src=\"https:\/\/magnetiseuse-noeux-les-mines.com\/wp-content\/uploads\/2022\/06\/energie_corps-320w.webp\" alt=\"Marie-Ange DELVAL Icon\"><\/span>Marie-Ange DELVAL<\/h2>\r\n\t<p class=\"rating\"><span class=\"number\">4,3<\/span> <span class=\"all-stars animate\"><span class=\"star\"><\/span><span class=\"star\"><\/span><span class=\"star\"><\/span><span class=\"star\"><\/span><span class=\"star split-30-70\"><\/span><\/span> <a href=\"https:\/\/search.google.com\/local\/reviews?placeid=ChIJNSohpcw83UcRJGN_GYWHl8s\" target=\"_blank\" rel=\"nofollow\" class=\"count\">48 reviews<\/a><\/p>\r\n\t<p class=\"attribution\"><span class=\"powered-by-google\" title=\"Powered by Google\"><\/span><\/p>\r\n<\/div>\r\n\n<\/div>\n\n\n\n<div class=\"wp-block-column is-vertically-aligned-center is-layout-flow wp-block-column-is-layout-flow\">\n<div class=\"wp-block-buttons alignwide is-content-justification-center is-layout-flex wp-container-core-buttons-is-layout-72caf8c6 wp-block-buttons-is-layout-flex\">\n<div class=\"wp-block-button\"><a class=\"wp-block-button__link has-black-color has-text-color has-background wp-element-button\" href=\"http:\/\/magnetiseuse-noeux-les-mines.com\/index.php\/gwolle_gb-2\/\" style=\"background:radial-gradient(rgb(74,234,220) 0%,rgb(151,120,209) 20%,rgb(207,42,186) 40%,rgb(238,44,130) 60%,rgb(251,105,98) 80%,rgb(254,248,76) 100%)\"><strong>Laissez votre avis<\/strong><\/a><\/div>\n<\/div>\n<\/div>\n<\/div>\n","protected":false},"excerpt":{"rendered":"<p>Votre praticienne \u00ab\u00a0Marie Ange\u00a0\u00bb Professeur &#8211; Docteur B\u00f9i Qu\u00f4c Ch\u00e2u \u00a0\u00a0\u00a0\u00a0\u00a0\u00a0\u00a0\u00a0\u00a0\u00a0\u00a0\u00a0\u00a0\u00a0\u00a0\u00a0\u00a0\u00a0\u00a0\u00a0\u00a0\u00a0\u00a0\u00a0\u00a0\u00a0\u00a0\u00a0\u00a0\u00a0\u00a0\u00a0\u00a0\u00a0\u00a0\u00a0\u00a0\u00a0\u00a0\u00a0\u00a0\u00a0\u00a0\u00a0\u00a0\u00a0\u00a0\u00a0\u00a0\u00a0\u00a0\u00a0\u00a0\u00a0\u00a0\u00a0\u00a0\u00a0\u00a0\u00a0\u00a0\u00a0\u00a0\u00a0\u00a0\u00a0\u00a0\u00a0\u00a0\u00a0\u00a0 \u00a0 \u00a0\u00a0\u00a0\u00a0\u00a0 Le Yen<\/p>\n","protected":false},"author":2,"featured_media":0,"parent":0,"menu_order":0,"comment_status":"closed","ping_status":"closed","template":"","meta":{"inspiro_hide_title":false,"footnotes":""},"class_list":["post-644","page","type-page","status-publish","hentry"],"jetpack_sharing_enabled":true,"_links":{"self":[{"href":"https:\/\/magnetiseuse-noeux-les-mines.com\/index.php\/wp-json\/wp\/v2\/pages\/644","targetHints":{"allow":["GET"]}}],"collection":[{"href":"https:\/\/magnetiseuse-noeux-les-mines.com\/index.php\/wp-json\/wp\/v2\/pages"}],"about":[{"href":"https:\/\/magnetiseuse-noeux-les-mines.com\/index.php\/wp-json\/wp\/v2\/types\/page"}],"author":[{"embeddable":true,"href":"https:\/\/magnetiseuse-noeux-les-mines.com\/index.php\/wp-json\/wp\/v2\/users\/2"}],"replies":[{"embeddable":true,"href":"https:\/\/magnetiseuse-noeux-les-mines.com\/index.php\/wp-json\/wp\/v2\/comments?post=644"}],"version-history":[{"count":64,"href":"https:\/\/magnetiseuse-noeux-les-mines.com\/index.php\/wp-json\/wp\/v2\/pages\/644\/revisions"}],"predecessor-version":[{"id":1468,"href":"https:\/\/magnetiseuse-noeux-les-mines.com\/index.php\/wp-json\/wp\/v2\/pages\/644\/revisions\/1468"}],"wp:attachment":[{"href":"https:\/\/magnetiseuse-noeux-les-mines.com\/index.php\/wp-json\/wp\/v2\/media?parent=644"}],"curies":[{"name":"wp","href":"https:\/\/api.w.org\/{rel}","templated":true}]}}