{"id":600,"date":"2022-07-22T11:15:29","date_gmt":"2022-07-22T09:15:29","guid":{"rendered":"http:\/\/magnetiseuse-noeux-les-mines.com\/?page_id=600"},"modified":"2022-10-18T08:24:36","modified_gmt":"2022-10-18T06:24:36","slug":"gemmotherapie","status":"publish","type":"page","link":"https:\/\/magnetiseuse-noeux-les-mines.com\/index.php\/gemmotherapie\/","title":{"rendered":"Gemmotherapie"},"content":{"rendered":"\n<div class=\"wp-block-group alignfull is-layout-flow wp-block-group-is-layout-flow\">\n<div class=\"wp-block-cover alignfull is-light has-parallax\" style=\"background-image:url(http:\/\/magnetiseuse-noeux-les-mines.com\/wp-content\/uploads\/2022\/07\/gemmotherapie_souci-2880w.webp)\"><span aria-hidden=\"true\" class=\"wp-block-cover__background has-background-dim-10 has-background-dim\"><\/span><div class=\"wp-block-cover__inner-container is-layout-flow wp-block-cover-is-layout-flow\">\n<h1 class=\"alignfull has-text-align-center has-white-color has-text-color has-x-large-font-size wp-block-heading\">Se soigner avec les bourgeons \u00e0 N\u0153ux-les-Mines : la gemmoth\u00e9rapie<\/h1>\n\n\n\n<p class=\"has-white-color has-text-color\" style=\"font-size:clamp(14px, 0.875rem + ((1vw - 3.2px) * 0.177), 16px);\">Marie-Ange Delval est \u00e0 votre \u00e9coute pour vous conseiller et vous soulager au quotidien<\/p>\n\n\n\n<div class=\"wp-block-buttons is-layout-flex wp-block-buttons-is-layout-flex\">\n<div class=\"wp-block-button is-style-outline is-style-outline--1\"><a class=\"wp-block-button__link has-black-color has-text-color has-background\" href=\"http:\/\/magnetiseuse-noeux-les-mines.com\/index.php\/contact\/\" style=\"background:radial-gradient(rgba(252,185,0,1) 0%,rgba(255,105,0,1) 100%)\">Contactez-la<\/a><\/div>\n<\/div>\n<\/div><\/div>\n<\/div>\n\n\n\n<div class=\"wp-block-group alignwide is-layout-flow wp-block-group-is-layout-flow\">\n<h2 class=\"alignwide has-text-align-center has-luminous-vivid-amber-color has-text-color wp-block-heading\">Marie Ange DELVAL, votre praticienne reconnue<\/h2>\n<\/div>\n\n\n\n<p style=\"font-size:clamp(14px, 0.875rem + ((1vw - 3.2px) * 0.177), 16px);\">Marie Ange DELVAL, magn\u00e9tiseuse reconnue par ses pairs, officie \u00e0 N\u0153ux-les-Mines dans le d\u00e9partement du Pas-de-Calais. Form\u00e9e \u00e9galement aux m\u00e9decines naturelles et aux <strong>m\u00e9decines douces<\/strong>, elle est praticienne en gemmoth\u00e9rapie.&nbsp;<\/p>\n\n\n\n<p style=\"font-size:clamp(14px, 0.875rem + ((1vw - 3.2px) * 0.177), 16px);\"><\/p>\n\n\n\n<div class=\"wp-block-columns is-layout-flex wp-container-core-columns-is-layout-28f84493 wp-block-columns-is-layout-flex\">\n<div class=\"wp-block-column is-layout-flow wp-block-column-is-layout-flow\">\n<figure class=\"wp-block-image size-full is-resized\"><img loading=\"lazy\" decoding=\"async\" src=\"http:\/\/magnetiseuse-noeux-les-mines.com\/wp-content\/uploads\/2022\/07\/gemmotherapie_bourgeon-352w.webp\" alt=\"\" class=\"wp-image-611\" width=\"290\" height=\"203\" srcset=\"https:\/\/magnetiseuse-noeux-les-mines.com\/wp-content\/uploads\/2022\/07\/gemmotherapie_bourgeon-352w.webp 350w, https:\/\/magnetiseuse-noeux-les-mines.com\/wp-content\/uploads\/2022\/07\/gemmotherapie_bourgeon-352w-300x210.webp 300w\" sizes=\"auto, (max-width: 290px) 100vw, 290px\" \/><\/figure>\n<\/div>\n\n\n\n<div class=\"wp-block-column is-layout-flow wp-block-column-is-layout-flow\">\n<figure class=\"wp-block-image size-full is-resized\"><img loading=\"lazy\" decoding=\"async\" src=\"http:\/\/magnetiseuse-noeux-les-mines.com\/wp-content\/uploads\/2022\/07\/bourgeon-366w.webp\" alt=\"\" class=\"wp-image-612\" width=\"306\" height=\"203\" srcset=\"https:\/\/magnetiseuse-noeux-les-mines.com\/wp-content\/uploads\/2022\/07\/bourgeon-366w.webp 370w, https:\/\/magnetiseuse-noeux-les-mines.com\/wp-content\/uploads\/2022\/07\/bourgeon-366w-300x200.webp 300w\" sizes=\"auto, (max-width: 306px) 100vw, 306px\" \/><\/figure>\n<\/div>\n\n\n\n<div class=\"wp-block-column is-layout-flow wp-block-column-is-layout-flow\">\n<figure class=\"wp-block-image size-full is-resized\"><img loading=\"lazy\" decoding=\"async\" src=\"http:\/\/magnetiseuse-noeux-les-mines.com\/wp-content\/uploads\/2022\/07\/soin_bougeon-367w.webp\" alt=\"\" class=\"wp-image-613\" width=\"304\" height=\"202\" srcset=\"https:\/\/magnetiseuse-noeux-les-mines.com\/wp-content\/uploads\/2022\/07\/soin_bougeon-367w.webp 370w, https:\/\/magnetiseuse-noeux-les-mines.com\/wp-content\/uploads\/2022\/07\/soin_bougeon-367w-300x200.webp 300w\" sizes=\"auto, (max-width: 304px) 100vw, 304px\" \/><\/figure>\n<\/div>\n<\/div>\n\n\n\n<div class=\"wp-block-group alignfull has-background is-layout-flow wp-block-group-is-layout-flow\" style=\"background:radial-gradient(rgb(255,245,203) 0%,rgb(182,227,212) 50%,rgb(51,167,181) 100%)\">\n<h1 class=\"alignwide has-text-align-center wp-block-heading\">Qu&rsquo;est-ce que la gemmoth\u00e9rapie ?<\/h1>\n\n\n\n<p style=\"font-size:clamp(14px, 0.875rem + ((1vw - 3.2px) * 0.177), 16px);\">La gemmoth\u00e9rapie est un pan de la naturopathie tout comme la <a href=\"https:\/\/www.magnetiseuse-noeux-les-mines.fr\/phyto-naturopathie\">phytoth\u00e9rapie<\/a>, les deux \u00e9tant compl\u00e9mentaires. Elle utilise les bourgeons des plantes, les tissus embryonnaires v\u00e9g\u00e9taux afin de soigner certains maux.&nbsp;Ces embryons de plantes (bourgeons, radicelles ou jeunes pousses) sont mac\u00e9r\u00e9s dans de l\u2019eau, de la glyc\u00e9rine et de l\u2019alcool. Ces mac\u00e9rats sont reconnus pour leur efficacit\u00e9 contre certaines affections.<\/p>\n\n\n\n<p style=\"font-size:clamp(14px, 0.875rem + ((1vw - 3.2px) * 0.177), 16px);\">La <strong>gemmoth\u00e9rapie<\/strong> se base sur le principe que l\u2019embryon porte en lui le potentiel d\u00e9veloppement de la plante et donc concentre tous les bienfaits de chaque partie de cette plante en lui. En effet, certaines parties d\u2019une plante ont des utilisations et des effets diff\u00e9rents sur le corps humain, le bourgeon, quant \u00e0 lui, concentrerait les principes actifs des deux parties de la plante.&nbsp;<\/p>\n\n\n\n<p>Les bourgeons sont cueillis \u00e0 une date pr\u00e9cise du printemps au moment o\u00fb l\u2019\u00e9nergie  printani\u00e8re et \u00e0 son summum. <\/p>\n\n\n\n<p>Cette \u00e9nergie  et transmise aux plantes recommand\u00e9es pour le bien \u00eatre ent entre en symbiose .<\/p>\n<\/div>\n\n\n\n<div style=\"height:35px\" aria-hidden=\"true\" class=\"wp-block-spacer\"><\/div>\n\n\n\n<div class=\"wp-block-group alignwide has-background is-layout-flow wp-block-group-is-layout-flow\" style=\"background-color:#f6f7ba\">\n<div class=\"wp-block-media-text has-media-on-the-right is-stacked-on-mobile\"><figure class=\"wp-block-media-text__media\"><img loading=\"lazy\" decoding=\"async\" width=\"370\" height=\"239\" src=\"http:\/\/magnetiseuse-noeux-les-mines.com\/wp-content\/uploads\/2022\/07\/bourgeon_tilleul-367w.webp\" alt=\"\" class=\"wp-image-548 size-full\" srcset=\"https:\/\/magnetiseuse-noeux-les-mines.com\/wp-content\/uploads\/2022\/07\/bourgeon_tilleul-367w.webp 370w, https:\/\/magnetiseuse-noeux-les-mines.com\/wp-content\/uploads\/2022\/07\/bourgeon_tilleul-367w-300x194.webp 300w\" sizes=\"auto, (max-width: 370px) 100vw, 370px\" \/><\/figure><div class=\"wp-block-media-text__content\">\n<h1 class=\"alignfull has-text-align-center has-luminous-vivid-amber-color has-text-color wp-block-heading\">Les principaux bienfaits<\/h1>\n\n\n\n<p>Les rem\u00e8des et les pr\u00e9parations compos\u00e9s \u00e0 base de ces bourgeons peuvent donc avoir plusieurs bienfaits, notamment :<\/p>\n\n\n\n<ul class=\"wp-block-list\"><li>participer au traitement du c\u0153ur : gui, aub\u00e9pine, amandier, tilleul ;<\/li><li>d\u00e9toxifier l\u2019organisme et drainer les d\u00e9chets : tilleul, romarin, amandier, bouleau, cassis ;<\/li><li>am\u00e9liorer le sommeil et \u00eatre d\u00e9fatigu\u00e9 : figuier, cassis, thym ;<\/li><li>douleurs articulaires : bouleau, gui, pin.<\/li><\/ul>\n<\/div><\/div>\n<\/div>\n\n\n\n<div style=\"height:35px\" aria-hidden=\"true\" class=\"wp-block-spacer\"><\/div>\n\n\n\n<div class=\"wp-block-group alignwide has-white-background-color has-background is-layout-flow wp-block-group-is-layout-flow\">\n<figure class=\"wp-block-image size-large\"><img loading=\"lazy\" decoding=\"async\" width=\"1024\" height=\"768\" src=\"http:\/\/magnetiseuse-noeux-les-mines.com\/wp-content\/uploads\/2022\/07\/naturopathie-2880w-1024x768.webp\" alt=\"\" class=\"wp-image-558\" srcset=\"https:\/\/magnetiseuse-noeux-les-mines.com\/wp-content\/uploads\/2022\/07\/naturopathie-2880w-1024x768.webp 1024w, https:\/\/magnetiseuse-noeux-les-mines.com\/wp-content\/uploads\/2022\/07\/naturopathie-2880w-300x225.webp 300w, https:\/\/magnetiseuse-noeux-les-mines.com\/wp-content\/uploads\/2022\/07\/naturopathie-2880w-768x576.webp 768w, https:\/\/magnetiseuse-noeux-les-mines.com\/wp-content\/uploads\/2022\/07\/naturopathie-2880w-1536x1152.webp 1536w, https:\/\/magnetiseuse-noeux-les-mines.com\/wp-content\/uploads\/2022\/07\/naturopathie-2880w.webp 1920w\" sizes=\"auto, (max-width: 1024px) 100vw, 1024px\" \/><\/figure>\n<\/div>\n\n\n\n<div style=\"height:100px\" aria-hidden=\"true\" class=\"wp-block-spacer\"><\/div>\n\n\n\n<div class=\"wp-block-group alignfull is-layout-flow wp-block-group-is-layout-flow\">\n<div class=\"wp-block-cover alignfull is-light has-parallax\" style=\"background-image:url(http:\/\/magnetiseuse-noeux-les-mines.com\/wp-content\/uploads\/2022\/06\/calme_serein_magnetisme-1920w-2.webp);min-height:895px;aspect-ratio:unset;\"><span aria-hidden=\"true\" class=\"wp-block-cover__background has-background-dim-30 has-background-dim\"><\/span><div class=\"wp-block-cover__inner-container is-layout-flow wp-block-cover-is-layout-flow\">\n<p class=\"has-text-align-center has-luminous-vivid-amber-color has-text-color has-large-font-size\">R\u00e9f\u00e9rences<\/p>\n\n\n\n<div class=\"wp-block-media-text alignwide is-stacked-on-mobile is-vertically-aligned-center\" style=\"grid-template-columns:21% auto\"><figure class=\"wp-block-media-text__media\"><a href=\"https:\/\/www.academiedienchan.com\"><img loading=\"lazy\" decoding=\"async\" width=\"320\" height=\"320\" src=\"http:\/\/magnetiseuse-noeux-les-mines.com\/wp-content\/uploads\/2022\/06\/AcademieDienChan.jpg-384w.webp\" alt=\"\" class=\"wp-image-124 size-full\" srcset=\"https:\/\/magnetiseuse-noeux-les-mines.com\/wp-content\/uploads\/2022\/06\/AcademieDienChan.jpg-384w.webp 320w, https:\/\/magnetiseuse-noeux-les-mines.com\/wp-content\/uploads\/2022\/06\/AcademieDienChan.jpg-384w-300x300.webp 300w, https:\/\/magnetiseuse-noeux-les-mines.com\/wp-content\/uploads\/2022\/06\/AcademieDienChan.jpg-384w-150x150.webp 150w\" sizes=\"auto, (max-width: 320px) 100vw, 320px\" \/><\/a><\/figure><div class=\"wp-block-media-text__content\">\n<h1 class=\"has-black-color has-text-color wp-block-heading\" id=\"1663584955\">Acad\u00e9mie Dien Chan de Paris<\/h1>\n\n\n\n<div style=\"height:25px\" aria-hidden=\"true\" class=\"wp-block-spacer\"><\/div>\n\n\n\n<h5 class=\"has-cyan-bluish-gray-color has-text-color wp-block-heading\">Cliquez sur l&rsquo;image pour visit\u00e9 le site<\/h5>\n<\/div><\/div>\n\n\n\n<hr class=\"wp-block-separator has-alpha-channel-opacity is-style-dots\"\/>\n\n\n\n<div class=\"wp-block-media-text alignwide is-stacked-on-mobile\" style=\"grid-template-columns:21% auto\"><figure class=\"wp-block-media-text__media\"><a href=\"https:\/\/flmne.org\"><img loading=\"lazy\" decoding=\"async\" width=\"390\" height=\"390\" src=\"http:\/\/magnetiseuse-noeux-les-mines.com\/wp-content\/uploads\/2022\/06\/FaculteLibredeMedecinesNaturellesetd-Ethnomedecine.jpg-392w.webp\" alt=\"\" class=\"wp-image-125 size-full\" srcset=\"https:\/\/magnetiseuse-noeux-les-mines.com\/wp-content\/uploads\/2022\/06\/FaculteLibredeMedecinesNaturellesetd-Ethnomedecine.jpg-392w.webp 390w, https:\/\/magnetiseuse-noeux-les-mines.com\/wp-content\/uploads\/2022\/06\/FaculteLibredeMedecinesNaturellesetd-Ethnomedecine.jpg-392w-300x300.webp 300w, https:\/\/magnetiseuse-noeux-les-mines.com\/wp-content\/uploads\/2022\/06\/FaculteLibredeMedecinesNaturellesetd-Ethnomedecine.jpg-392w-150x150.webp 150w\" sizes=\"auto, (max-width: 390px) 100vw, 390px\" \/><\/a><\/figure><div class=\"wp-block-media-text__content\">\n<h1 class=\"wp-block-heading\" id=\"1950221897\">Facult\u00e9 Libre de M\u00e9decines<\/h1>\n\n\n\n<h1 class=\"wp-block-heading\" id=\"1950221897\">Naturelles et d&rsquo;Ethnom\u00e9decine<\/h1>\n\n\n\n<h5 class=\"has-cyan-bluish-gray-color has-text-color wp-block-heading\">Cliquez sur l&rsquo;image pour visit\u00e9 le site<\/h5>\n<\/div><\/div>\n\n\n\n<hr class=\"wp-block-separator has-alpha-channel-opacity is-style-dots\"\/>\n\n\n\n<div class=\"wp-block-media-text alignwide is-stacked-on-mobile\" style=\"grid-template-columns:21% auto\"><figure class=\"wp-block-media-text__media\"><a href=\"https:\/\/www.herbolistique.com\"><img loading=\"lazy\" decoding=\"async\" width=\"206\" height=\"153\" src=\"http:\/\/magnetiseuse-noeux-les-mines.com\/wp-content\/uploads\/2022\/09\/Logo-Herbolistique.jpg\" alt=\"Logo-Herbolistique*\" class=\"wp-image-967 size-full\"\/><\/a><\/figure><div class=\"wp-block-media-text__content\">\n<h1 class=\"has-large-font-size wp-block-heading\">Les Laboratoires Herbolistique\u00a0<\/h1>\n\n\n\n<h5 class=\"has-cyan-bluish-gray-color has-text-color wp-block-heading\">Cliquez sur l&rsquo;image pour visit\u00e9 le site<\/h5>\n<\/div><\/div>\n<\/div><\/div>\n<\/div>\n\n\n\n<div class=\"wp-block-group alignfull has-background is-layout-flow wp-block-group-is-layout-flow\" style=\"background:radial-gradient(rgba(6,147,227,1) 0%,rgb(155,81,224) 100%)\">\n<figure class=\"wp-block-image alignwide size-large\"><img loading=\"lazy\" decoding=\"async\" width=\"1024\" height=\"717\" src=\"http:\/\/magnetiseuse-noeux-les-mines.com\/wp-content\/uploads\/2022\/06\/pochette-dvd-1024x717.jpg\" alt=\"\" class=\"wp-image-343\" srcset=\"https:\/\/magnetiseuse-noeux-les-mines.com\/wp-content\/uploads\/2022\/06\/pochette-dvd-1024x717.jpg 1024w, https:\/\/magnetiseuse-noeux-les-mines.com\/wp-content\/uploads\/2022\/06\/pochette-dvd-300x210.jpg 300w, https:\/\/magnetiseuse-noeux-les-mines.com\/wp-content\/uploads\/2022\/06\/pochette-dvd-768x538.jpg 768w, https:\/\/magnetiseuse-noeux-les-mines.com\/wp-content\/uploads\/2022\/06\/pochette-dvd-1536x1076.jpg 1536w, https:\/\/magnetiseuse-noeux-les-mines.com\/wp-content\/uploads\/2022\/06\/pochette-dvd-2048x1434.jpg 2048w, https:\/\/magnetiseuse-noeux-les-mines.com\/wp-content\/uploads\/2022\/06\/pochette-dvd-2000x1401.jpg 2000w, https:\/\/magnetiseuse-noeux-les-mines.com\/wp-content\/uploads\/2022\/06\/pochette-dvd-600x420.jpg 600w\" sizes=\"auto, (max-width: 1024px) 100vw, 1024px\" \/><\/figure>\n\n\n\n<div class=\"wp-block-buttons alignfull is-layout-flex wp-block-buttons-is-layout-flex\">\n<div class=\"wp-block-button aligncenter is-style-outline is-style-outline--2\"><a class=\"wp-block-button__link has-black-color has-text-color has-background\" href=\"http:\/\/magnetiseuse-noeux-les-mines.com\/index.php\/reportages-articles\/\" style=\"background:radial-gradient(rgba(252,185,0,1) 0%,rgba(255,105,0,1) 100%)\">film documentaire \u00ab\u00a0Marie Ange\u00a0\u00bb<\/a><\/div>\n<\/div>\n\n\n\n<div style=\"height:100px\" aria-hidden=\"true\" class=\"wp-block-spacer\"><\/div>\n\n\n\n<div class=\"wp-block-group is-layout-flow wp-block-group-is-layout-flow\">\n<p><img loading=\"lazy\" decoding=\"async\" class=\"wp-image-285 alignleft\" src=\"http:\/\/magnetiseuse-noeux-les-mines.com\/wp-content\/uploads\/2022\/06\/MarieAnge.jpg-2880w-300x240.webp\" alt=\"\" width=\"512\" height=\"410\" srcset=\"https:\/\/magnetiseuse-noeux-les-mines.com\/wp-content\/uploads\/2022\/06\/MarieAnge.jpg-2880w-300x240.webp 300w, https:\/\/magnetiseuse-noeux-les-mines.com\/wp-content\/uploads\/2022\/06\/MarieAnge.jpg-2880w-600x480.webp 600w, https:\/\/magnetiseuse-noeux-les-mines.com\/wp-content\/uploads\/2022\/06\/MarieAnge.jpg-2880w.webp 750w\" sizes=\"auto, (max-width: 512px) 100vw, 512px\" \/><img loading=\"lazy\" decoding=\"async\" class=\"alignnone  wp-image-173\" src=\"http:\/\/magnetiseuse-noeux-les-mines.com\/wp-content\/uploads\/2022\/06\/Marie-2BAnge-2Bre-CC-81duite-2BLa-2BReine-1280w.webp\" alt=\"\" width=\"222\" height=\"411\"><\/p>\n<\/div>\n<\/div>\n\n\n\n<div style=\"height:52px\" aria-hidden=\"true\" class=\"wp-block-spacer\"><\/div>\n\n\n\n<div class=\"wp-block-columns alignwide has-blush-light-purple-gradient-background has-background is-layout-flex wp-container-core-columns-is-layout-28f84493 wp-block-columns-is-layout-flex\">\n<div class=\"wp-block-column is-layout-flow wp-block-column-is-layout-flow\"><div id=\"google-business-reviews-rating\" class=\"google-business-reviews-rating gmbrr narrow center stars-css carousel\" data-view=\"11\">\r\n\t<h2 class=\"heading\"><span class=\"icon\"><img decoding=\"async\" src=\"https:\/\/magnetiseuse-noeux-les-mines.com\/wp-content\/uploads\/2022\/06\/energie_corps-320w.webp\" alt=\"Marie-Ange DELVAL Icon\"><\/span>Marie-Ange DELVAL<\/h2>\r\n\t<p class=\"rating\"><span class=\"number\">4,3<\/span> <span class=\"all-stars animate\"><span class=\"star\"><\/span><span class=\"star\"><\/span><span class=\"star\"><\/span><span class=\"star\"><\/span><span class=\"star split-30-70\"><\/span><\/span> <a href=\"https:\/\/search.google.com\/local\/reviews?placeid=ChIJNSohpcw83UcRJGN_GYWHl8s\" target=\"_blank\" rel=\"nofollow\" class=\"count\">48 reviews<\/a><\/p>\r\n\t<p class=\"attribution\"><span class=\"powered-by-google\" title=\"Powered by Google\"><\/span><\/p>\r\n<\/div>\r\n\n<\/div>\n\n\n\n<div class=\"wp-block-column is-vertically-aligned-center is-layout-flow wp-block-column-is-layout-flow\">\n<div class=\"wp-block-buttons alignwide is-content-justification-center is-layout-flex wp-container-core-buttons-is-layout-72caf8c6 wp-block-buttons-is-layout-flex\">\n<div class=\"wp-block-button\"><a class=\"wp-block-button__link has-black-color has-text-color has-background wp-element-button\" href=\"http:\/\/magnetiseuse-noeux-les-mines.com\/index.php\/gwolle_gb-2\/\" style=\"background:radial-gradient(rgb(74,234,220) 0%,rgb(151,120,209) 20%,rgb(207,42,186) 40%,rgb(238,44,130) 60%,rgb(251,105,98) 80%,rgb(254,248,76) 100%)\"><strong>Laissez votre avis<\/strong><\/a><\/div>\n<\/div>\n<\/div>\n<\/div>\n","protected":false},"excerpt":{"rendered":"<p>Marie Ange DELVAL, votre praticienne reconnue Marie Ange DELVAL, magn\u00e9tiseuse reconnue par ses pairs, officie \u00e0 N\u0153ux-les-Mines dans le d\u00e9partement du Pas-de-Calais. Form\u00e9e \u00e9galement aux m\u00e9decines naturelles et aux m\u00e9decines douces, elle est praticienne en gemmoth\u00e9rapie.&nbsp; Qu&rsquo;est-ce que la gemmoth\u00e9rapie ? La gemmoth\u00e9rapie est un pan de la naturopathie tout comme la phytoth\u00e9rapie, les deux &hellip; <\/p>\n<p class=\"link-more\"><a href=\"https:\/\/magnetiseuse-noeux-les-mines.com\/index.php\/gemmotherapie\/\" class=\"more-link\">Lire la suite de<span class=\"screen-reader-text\">\u00ab\u00a0Gemmotherapie\u00a0\u00bb<\/span><\/a><\/p>\n","protected":false},"author":2,"featured_media":0,"parent":0,"menu_order":0,"comment_status":"closed","ping_status":"closed","template":"","meta":{"inspiro_hide_title":false,"footnotes":""},"class_list":["post-600","page","type-page","status-publish","hentry"],"jetpack_sharing_enabled":true,"_links":{"self":[{"href":"https:\/\/magnetiseuse-noeux-les-mines.com\/index.php\/wp-json\/wp\/v2\/pages\/600","targetHints":{"allow":["GET"]}}],"collection":[{"href":"https:\/\/magnetiseuse-noeux-les-mines.com\/index.php\/wp-json\/wp\/v2\/pages"}],"about":[{"href":"https:\/\/magnetiseuse-noeux-les-mines.com\/index.php\/wp-json\/wp\/v2\/types\/page"}],"author":[{"embeddable":true,"href":"https:\/\/magnetiseuse-noeux-les-mines.com\/index.php\/wp-json\/wp\/v2\/users\/2"}],"replies":[{"embeddable":true,"href":"https:\/\/magnetiseuse-noeux-les-mines.com\/index.php\/wp-json\/wp\/v2\/comments?post=600"}],"version-history":[{"count":56,"href":"https:\/\/magnetiseuse-noeux-les-mines.com\/index.php\/wp-json\/wp\/v2\/pages\/600\/revisions"}],"predecessor-version":[{"id":1471,"href":"https:\/\/magnetiseuse-noeux-les-mines.com\/index.php\/wp-json\/wp\/v2\/pages\/600\/revisions\/1471"}],"wp:attachment":[{"href":"https:\/\/magnetiseuse-noeux-les-mines.com\/index.php\/wp-json\/wp\/v2\/media?parent=600"}],"curies":[{"name":"wp","href":"https:\/\/api.w.org\/{rel}","templated":true}]}}