{"id":544,"date":"2022-07-22T10:27:45","date_gmt":"2022-07-22T08:27:45","guid":{"rendered":"http:\/\/magnetiseuse-noeux-les-mines.com\/?page_id=544"},"modified":"2023-05-01T18:52:19","modified_gmt":"2023-05-01T16:52:19","slug":"phyto-naturopathie","status":"publish","type":"page","link":"https:\/\/magnetiseuse-noeux-les-mines.com\/index.php\/phyto-naturopathie\/","title":{"rendered":"Phyto-naturopathie"},"content":{"rendered":"\n\n\n<div class=\"wp-block-group is-layout-flow wp-block-group-is-layout-flow\">\n<h1 class=\"wp-block-heading has-text-align-center has-luminous-vivid-amber-color has-text-color has-x-large-font-size\">Votre conseill\u00e8re en phyto-naturopathie<\/h1>\n<\/div>\n\n\n\n<p style=\"font-size:clamp(14px, 0.875rem + ((1vw - 3.2px) * 0.177), 16px);\">La phytoth\u00e9rapie est un pan de la naturopathie, sous forme de compl\u00e9ments alimentaires et de <strong>plantes m\u00e9dicinales<\/strong> utilis\u00e9es selon diverses pr\u00e9parations. Form\u00e9e aux m\u00e9decines naturelles et \u00e0 l&rsquo;ethnom\u00e9decine, Marie Ange DELVAL met ses connaissances au service de votre bien-\u00eatre \u00e0 N\u0153ux-les-Mines.&nbsp;<\/p>\n\n\n\n<p style=\"font-size:clamp(14px, 0.875rem + ((1vw - 3.2px) * 0.177), 16px);\">Professionnelle reconnue, ayant suivi un cursus qui lui permet d\u2019intervenir en tant que magn\u00e9tiseuse et multi-r\u00e9flexologue, elle met \u00e0 votre service ses comp\u00e9tences de phyto-naturopathe pour vous aider au quotidien.<\/p>\n\n\n\n<div class=\"wp-block-columns alignwide is-layout-flex wp-container-core-columns-is-layout-28f84493 wp-block-columns-is-layout-flex\">\n<div class=\"wp-block-column is-vertically-aligned-center is-layout-flow wp-block-column-is-layout-flow\">\n<figure class=\"wp-block-image size-full\"><img loading=\"lazy\" decoding=\"async\" width=\"370\" height=\"239\" src=\"http:\/\/magnetiseuse-noeux-les-mines.com\/wp-content\/uploads\/2022\/07\/bourgeon_tilleul-367w.webp\" alt=\"\" class=\"wp-image-548\" srcset=\"https:\/\/magnetiseuse-noeux-les-mines.com\/wp-content\/uploads\/2022\/07\/bourgeon_tilleul-367w.webp 370w, https:\/\/magnetiseuse-noeux-les-mines.com\/wp-content\/uploads\/2022\/07\/bourgeon_tilleul-367w-300x194.webp 300w\" sizes=\"auto, (max-width: 370px) 100vw, 370px\" \/><\/figure>\n<\/div>\n\n\n\n<div class=\"wp-block-column is-layout-flow wp-block-column-is-layout-flow\">\n<figure class=\"wp-block-image size-full\"><img loading=\"lazy\" decoding=\"async\" width=\"360\" height=\"240\" src=\"http:\/\/magnetiseuse-noeux-les-mines.com\/wp-content\/uploads\/2022\/07\/soins_plantes-355w.webp\" alt=\"\" class=\"wp-image-549\" srcset=\"https:\/\/magnetiseuse-noeux-les-mines.com\/wp-content\/uploads\/2022\/07\/soins_plantes-355w.webp 360w, https:\/\/magnetiseuse-noeux-les-mines.com\/wp-content\/uploads\/2022\/07\/soins_plantes-355w-300x200.webp 300w\" sizes=\"auto, (max-width: 360px) 100vw, 360px\" \/><\/figure>\n<\/div>\n\n\n\n<div class=\"wp-block-column is-layout-flow wp-block-column-is-layout-flow\">\n<figure class=\"wp-block-image size-full\"><img loading=\"lazy\" decoding=\"async\" width=\"580\" height=\"387\" src=\"http:\/\/magnetiseuse-noeux-les-mines.com\/wp-content\/uploads\/2022\/06\/naturopathe-580w.webp\" alt=\"\" class=\"wp-image-273\" srcset=\"https:\/\/magnetiseuse-noeux-les-mines.com\/wp-content\/uploads\/2022\/06\/naturopathe-580w.webp 580w, https:\/\/magnetiseuse-noeux-les-mines.com\/wp-content\/uploads\/2022\/06\/naturopathe-580w-300x200.webp 300w\" sizes=\"auto, (max-width: 580px) 100vw, 580px\" \/><\/figure>\n<\/div>\n<\/div>\n\n\n\n<div class=\"wp-block-group alignfull has-background is-layout-flow wp-block-group-is-layout-flow\" style=\"background:radial-gradient(rgb(255,245,203) 0%,rgb(182,227,212) 50%,rgb(51,167,181) 100%)\">\n<h1 class=\"wp-block-heading alignfull has-text-align-center has-x-large-font-size\">La phyto-naturopathie<\/h1>\n\n\n\n<p style=\"font-size:clamp(14px, 0.875rem + ((1vw - 3.2px) * 0.177), 16px);\">La phyto-naturopathie est depuis longtemps reconnue dans le monde de la m\u00e9decine. De plus en plus de personnes se tournent vers cette <strong>m\u00e9decine douce<\/strong> et les moyens naturels afin de soulager leurs maux.<\/p>\n<\/div>\n\n\n\n<div style=\"height:100px\" aria-hidden=\"true\" class=\"wp-block-spacer\"><\/div>\n\n\n\n<div class=\"wp-block-media-text alignwide has-media-on-the-right is-stacked-on-mobile is-vertically-aligned-center has-background\" style=\"background-color:#e0f1ff\"><div class=\"wp-block-media-text__content\">\n<h1 class=\"wp-block-heading alignfull has-text-align-center has-luminous-vivid-amber-color has-text-color\">Quels sont ses effets ?<\/h1>\n\n\n\n<p style=\"font-size:clamp(14px, 0.875rem + ((1vw - 3.2px) * 0.177), 16px);\">V\u00e9ritable rituel dans leur hygi\u00e8ne de vie pour certains, la phyto-naturopathie peut \u00eatre utilis\u00e9e par exemple pour :&nbsp;<\/p>\n\n\n\n<ul class=\"wp-block-list\" style=\"font-size:clamp(14px, 0.875rem + ((1vw - 3.2px) * 0.177), 16px);\">\n<li>l\u2019hydratation ;<\/li>\n\n\n\n<li>retrouver du tonus et de la vitalit\u00e9 ;<\/li>\n\n\n\n<li>les divers maux quotidien ;&nbsp;<\/li>\n\n\n\n<li>la digestion ;&nbsp;<\/li>\n\n\n\n<li>la remise en forme ;<\/li>\n\n\n\n<li>la diminution du stress ou gestion du stress ;<\/li>\n\n\n\n<li>le r\u00e9\u00e9quilibrage moral et physique.<\/li>\n<\/ul>\n<\/div><figure class=\"wp-block-media-text__media\"><img loading=\"lazy\" decoding=\"async\" width=\"1024\" height=\"768\" src=\"http:\/\/magnetiseuse-noeux-les-mines.com\/wp-content\/uploads\/2022\/07\/naturopathie-2880w-1024x768.webp\" alt=\"phyto-naturopathie\" class=\"wp-image-558 size-full\" srcset=\"https:\/\/magnetiseuse-noeux-les-mines.com\/wp-content\/uploads\/2022\/07\/naturopathie-2880w-1024x768.webp 1024w, https:\/\/magnetiseuse-noeux-les-mines.com\/wp-content\/uploads\/2022\/07\/naturopathie-2880w-300x225.webp 300w, https:\/\/magnetiseuse-noeux-les-mines.com\/wp-content\/uploads\/2022\/07\/naturopathie-2880w-768x576.webp 768w, https:\/\/magnetiseuse-noeux-les-mines.com\/wp-content\/uploads\/2022\/07\/naturopathie-2880w-1536x1152.webp 1536w, https:\/\/magnetiseuse-noeux-les-mines.com\/wp-content\/uploads\/2022\/07\/naturopathie-2880w.webp 1920w\" sizes=\"auto, (max-width: 1024px) 100vw, 1024px\" \/><\/figure><\/div>\n\n\n\n<div style=\"height:100px\" aria-hidden=\"true\" class=\"wp-block-spacer\"><\/div>\n\n\n\n<div class=\"wp-block-group alignwide has-background is-layout-flow wp-block-group-is-layout-flow\" style=\"background-color:#dbfff3\">\n<div class=\"wp-block-media-text is-stacked-on-mobile\"><figure class=\"wp-block-media-text__media\"><img loading=\"lazy\" decoding=\"async\" width=\"1024\" height=\"768\" src=\"http:\/\/magnetiseuse-noeux-les-mines.com\/wp-content\/uploads\/2022\/06\/soin_phytotherapie-1920w-1024x768.webp\" alt=\"\" class=\"wp-image-89 size-full\" srcset=\"https:\/\/magnetiseuse-noeux-les-mines.com\/wp-content\/uploads\/2022\/06\/soin_phytotherapie-1920w-1024x768.webp 1024w, https:\/\/magnetiseuse-noeux-les-mines.com\/wp-content\/uploads\/2022\/06\/soin_phytotherapie-1920w-300x225.webp 300w, https:\/\/magnetiseuse-noeux-les-mines.com\/wp-content\/uploads\/2022\/06\/soin_phytotherapie-1920w-768x576.webp 768w, https:\/\/magnetiseuse-noeux-les-mines.com\/wp-content\/uploads\/2022\/06\/soin_phytotherapie-1920w-1536x1152.webp 1536w, https:\/\/magnetiseuse-noeux-les-mines.com\/wp-content\/uploads\/2022\/06\/soin_phytotherapie-1920w-600x450.webp 600w, https:\/\/magnetiseuse-noeux-les-mines.com\/wp-content\/uploads\/2022\/06\/soin_phytotherapie-1920w.webp 1920w\" sizes=\"auto, (max-width: 1024px) 100vw, 1024px\" \/><\/figure><div class=\"wp-block-media-text__content\">\n<h1 class=\"wp-block-heading alignwide has-text-align-center has-luminous-vivid-amber-color has-text-color\">Se sentir mieux dans son corps<\/h1>\n\n\n\n<p>La phyto-naturopathie est une m\u00e9decine ancestrale qui permet de <strong>soulager de nombreuses maux<\/strong> et de se sentir mieux dans son corps. Approuv\u00e9e par les m\u00e9decins, elle peut \u00e9galement intervenir en compl\u00e9ment d\u2019un traitement m\u00e9dicamenteux. Elle demande une grande connaissance des v\u00e9g\u00e9taux et de leurs effets sur l&rsquo;organisme (bienfait physique et\/ou mental).<\/p>\n\n\n\n<p>C&rsquo;est l\u00e0 qu&rsquo;est l&rsquo;int\u00e9r\u00eat de consulter une personne form\u00e9e \u00e0 la phyto-naturopathie et qui sait vous conseiller dans le domaine.<\/p>\n\n\n\n<p>La phyto-th\u00e9rapie a de v\u00e9ritables effets biologiques. En changeant \u00e9galement certaines habitudes de vie, on peut parvenir rapidement \u00e0 ses objectifs. D\u00e9tox ou prise pr\u00e9ventive pour \u00e9viter certains maux, les produits naturels sont de tr\u00e8s bons alli\u00e9s.<\/p>\n<\/div><\/div>\n<\/div>\n\n\n\n<div style=\"height:100px\" aria-hidden=\"true\" class=\"wp-block-spacer\"><\/div>\n\n\n\n<div class=\"wp-block-group alignwide has-background is-layout-flow wp-block-group-is-layout-flow\" style=\"background-color:#ffefe6\">\n<h1 class=\"wp-block-heading alignfull has-text-align-center has-luminous-vivid-amber-color has-text-color\">Marie Ange et m\u00e9diatis\u00e9e !<\/h1>\n\n\n\n<div class=\"wp-block-buttons is-content-justification-right is-layout-flex wp-container-core-buttons-is-layout-c133f063 wp-block-buttons-is-layout-flex\"><\/div>\n\n\n\n<div class=\"wp-block-media-text alignwide is-stacked-on-mobile\"><figure class=\"wp-block-media-text__media\"><img loading=\"lazy\" decoding=\"async\" width=\"1024\" height=\"682\" src=\"http:\/\/magnetiseuse-noeux-les-mines.com\/wp-content\/uploads\/2022\/07\/bourgeon_romarin-2880w-1024x682.webp\" alt=\"\" class=\"wp-image-579 size-full\" srcset=\"https:\/\/magnetiseuse-noeux-les-mines.com\/wp-content\/uploads\/2022\/07\/bourgeon_romarin-2880w-1024x682.webp 1024w, https:\/\/magnetiseuse-noeux-les-mines.com\/wp-content\/uploads\/2022\/07\/bourgeon_romarin-2880w-300x200.webp 300w, https:\/\/magnetiseuse-noeux-les-mines.com\/wp-content\/uploads\/2022\/07\/bourgeon_romarin-2880w-768x511.webp 768w, https:\/\/magnetiseuse-noeux-les-mines.com\/wp-content\/uploads\/2022\/07\/bourgeon_romarin-2880w-1536x1022.webp 1536w, https:\/\/magnetiseuse-noeux-les-mines.com\/wp-content\/uploads\/2022\/07\/bourgeon_romarin-2880w.webp 1920w\" sizes=\"auto, (max-width: 1024px) 100vw, 1024px\" \/><\/figure><div class=\"wp-block-media-text__content\">\n<p class=\"has-text-align-center\" style=\"font-size:clamp(14px, 0.875rem + ((1vw - 3.2px) * 0.177), 16px);\">Vous pouvez \u00e9galement retrouver les articles et vid\u00e9os parlant de votre praticienne.<\/p>\n\n\n\n<div class=\"wp-block-buttons is-content-justification-center is-layout-flex wp-container-core-buttons-is-layout-749adb30 wp-block-buttons-is-layout-flex\">\n<div class=\"wp-block-button is-style-outline is-style-outline--1\"><a class=\"wp-block-button__link has-black-color has-text-color has-background wp-element-button\" href=\"http:\/\/magnetiseuse-noeux-les-mines.com\/index.php\/reportages-articles\/\" style=\"background:radial-gradient(rgba(252,185,0,1) 0%,rgba(255,105,0,1) 100%)\">ON PARLE D&rsquo;ELLE<\/a><\/div>\n<\/div>\n<\/div><\/div>\n<\/div>\n\n\n\n<div style=\"height:100px\" aria-hidden=\"true\" class=\"wp-block-spacer\"><\/div>\n\n\n\n<div class=\"wp-block-group alignfull is-layout-flow wp-block-group-is-layout-flow\">\n<div class=\"wp-block-cover alignfull is-light has-parallax\" style=\"background-image:url(http:\/\/magnetiseuse-noeux-les-mines.com\/wp-content\/uploads\/2022\/06\/calme_serein_magnetisme-1920w-2.webp);min-height:895px;aspect-ratio:unset;\"><span aria-hidden=\"true\" class=\"wp-block-cover__background has-background-dim-30 has-background-dim\"><\/span><div class=\"wp-block-cover__inner-container is-layout-flow wp-block-cover-is-layout-flow\">\n<p class=\"has-text-align-center has-luminous-vivid-amber-color has-text-color has-large-font-size\">R\u00e9f\u00e9rences<\/p>\n\n\n\n<div class=\"wp-block-media-text alignwide is-stacked-on-mobile is-vertically-aligned-center\" style=\"grid-template-columns:21% auto\"><figure class=\"wp-block-media-text__media\"><a href=\"https:\/\/www.academiedienchan.com\"><img loading=\"lazy\" decoding=\"async\" width=\"320\" height=\"320\" src=\"http:\/\/magnetiseuse-noeux-les-mines.com\/wp-content\/uploads\/2022\/06\/AcademieDienChan.jpg-384w.webp\" alt=\"\" class=\"wp-image-124 size-full\" srcset=\"https:\/\/magnetiseuse-noeux-les-mines.com\/wp-content\/uploads\/2022\/06\/AcademieDienChan.jpg-384w.webp 320w, https:\/\/magnetiseuse-noeux-les-mines.com\/wp-content\/uploads\/2022\/06\/AcademieDienChan.jpg-384w-300x300.webp 300w, https:\/\/magnetiseuse-noeux-les-mines.com\/wp-content\/uploads\/2022\/06\/AcademieDienChan.jpg-384w-150x150.webp 150w\" sizes=\"auto, (max-width: 320px) 100vw, 320px\" \/><\/a><\/figure><div class=\"wp-block-media-text__content\">\n<h1 class=\"has-black-color has-text-color wp-block-heading\" id=\"1663584955\">Acad\u00e9mie Dien Chan de Paris<\/h1>\n\n\n\n<div style=\"height:25px\" aria-hidden=\"true\" class=\"wp-block-spacer\"><\/div>\n\n\n\n<h5 class=\"has-cyan-bluish-gray-color has-text-color wp-block-heading\">Cliquez sur l&rsquo;image pour visit\u00e9 le site<\/h5>\n<\/div><\/div>\n\n\n\n<hr class=\"wp-block-separator has-alpha-channel-opacity is-style-dots\"\/>\n\n\n\n<div class=\"wp-block-media-text alignwide is-stacked-on-mobile\" style=\"grid-template-columns:21% auto\"><figure class=\"wp-block-media-text__media\"><a href=\"https:\/\/flmne.org\"><img loading=\"lazy\" decoding=\"async\" width=\"390\" height=\"390\" src=\"http:\/\/magnetiseuse-noeux-les-mines.com\/wp-content\/uploads\/2022\/06\/FaculteLibredeMedecinesNaturellesetd-Ethnomedecine.jpg-392w.webp\" alt=\"\" class=\"wp-image-125 size-full\" srcset=\"https:\/\/magnetiseuse-noeux-les-mines.com\/wp-content\/uploads\/2022\/06\/FaculteLibredeMedecinesNaturellesetd-Ethnomedecine.jpg-392w.webp 390w, https:\/\/magnetiseuse-noeux-les-mines.com\/wp-content\/uploads\/2022\/06\/FaculteLibredeMedecinesNaturellesetd-Ethnomedecine.jpg-392w-300x300.webp 300w, https:\/\/magnetiseuse-noeux-les-mines.com\/wp-content\/uploads\/2022\/06\/FaculteLibredeMedecinesNaturellesetd-Ethnomedecine.jpg-392w-150x150.webp 150w\" sizes=\"auto, (max-width: 390px) 100vw, 390px\" \/><\/a><\/figure><div class=\"wp-block-media-text__content\">\n<h1 class=\"wp-block-heading\" id=\"1950221897\">Facult\u00e9 Libre de M\u00e9decines<\/h1>\n\n\n\n<h1 class=\"wp-block-heading\" id=\"1950221897\">Naturelles et d&rsquo;Ethnom\u00e9decine<\/h1>\n\n\n\n<h5 class=\"has-cyan-bluish-gray-color has-text-color wp-block-heading\">Cliquez sur l&rsquo;image pour visit\u00e9 le site<\/h5>\n<\/div><\/div>\n\n\n\n<hr class=\"wp-block-separator has-alpha-channel-opacity is-style-dots\"\/>\n\n\n\n<div class=\"wp-block-media-text alignwide is-stacked-on-mobile\" style=\"grid-template-columns:21% auto\"><figure class=\"wp-block-media-text__media\"><a href=\"https:\/\/www.herbolistique.com\"><img loading=\"lazy\" decoding=\"async\" width=\"206\" height=\"153\" src=\"http:\/\/magnetiseuse-noeux-les-mines.com\/wp-content\/uploads\/2022\/09\/Logo-Herbolistique.jpg\" alt=\"Logo-Herbolistique*\" class=\"wp-image-967 size-full\"\/><\/a><\/figure><div class=\"wp-block-media-text__content\">\n<h1 class=\"has-large-font-size wp-block-heading\">Les Laboratoires Herbolistique\u00a0<\/h1>\n\n\n\n<h5 class=\"has-cyan-bluish-gray-color has-text-color wp-block-heading\">Cliquez sur l&rsquo;image pour visit\u00e9 le site<\/h5>\n<\/div><\/div>\n<\/div><\/div>\n<\/div>\n\n\n\n<div class=\"wp-block-group alignfull has-background is-layout-flow wp-block-group-is-layout-flow\" style=\"background:radial-gradient(rgba(6,147,227,1) 0%,rgb(155,81,224) 100%)\">\n<figure class=\"wp-block-image alignwide size-large\"><img loading=\"lazy\" decoding=\"async\" width=\"1024\" height=\"717\" src=\"http:\/\/magnetiseuse-noeux-les-mines.com\/wp-content\/uploads\/2022\/06\/pochette-dvd-1024x717.jpg\" alt=\"\" class=\"wp-image-343\" srcset=\"https:\/\/magnetiseuse-noeux-les-mines.com\/wp-content\/uploads\/2022\/06\/pochette-dvd-1024x717.jpg 1024w, https:\/\/magnetiseuse-noeux-les-mines.com\/wp-content\/uploads\/2022\/06\/pochette-dvd-300x210.jpg 300w, https:\/\/magnetiseuse-noeux-les-mines.com\/wp-content\/uploads\/2022\/06\/pochette-dvd-768x538.jpg 768w, https:\/\/magnetiseuse-noeux-les-mines.com\/wp-content\/uploads\/2022\/06\/pochette-dvd-1536x1076.jpg 1536w, https:\/\/magnetiseuse-noeux-les-mines.com\/wp-content\/uploads\/2022\/06\/pochette-dvd-2048x1434.jpg 2048w, https:\/\/magnetiseuse-noeux-les-mines.com\/wp-content\/uploads\/2022\/06\/pochette-dvd-2000x1401.jpg 2000w, https:\/\/magnetiseuse-noeux-les-mines.com\/wp-content\/uploads\/2022\/06\/pochette-dvd-600x420.jpg 600w\" sizes=\"auto, (max-width: 1024px) 100vw, 1024px\" \/><\/figure>\n\n\n\n<div class=\"wp-block-buttons alignfull is-layout-flex wp-block-buttons-is-layout-flex\">\n<div class=\"wp-block-button aligncenter is-style-outline is-style-outline--2\"><a class=\"wp-block-button__link has-black-color has-text-color has-background\" href=\"http:\/\/magnetiseuse-noeux-les-mines.com\/index.php\/reportages-articles\/\" style=\"background:radial-gradient(rgba(252,185,0,1) 0%,rgba(255,105,0,1) 100%)\">film documentaire \u00ab\u00a0Marie Ange\u00a0\u00bb<\/a><\/div>\n<\/div>\n\n\n\n<div style=\"height:100px\" aria-hidden=\"true\" class=\"wp-block-spacer\"><\/div>\n\n\n\n<div class=\"wp-block-group is-layout-flow wp-block-group-is-layout-flow\">\n<p><img loading=\"lazy\" decoding=\"async\" class=\"wp-image-285 alignleft\" src=\"http:\/\/magnetiseuse-noeux-les-mines.com\/wp-content\/uploads\/2022\/06\/MarieAnge.jpg-2880w-300x240.webp\" alt=\"\" width=\"512\" height=\"410\" srcset=\"https:\/\/magnetiseuse-noeux-les-mines.com\/wp-content\/uploads\/2022\/06\/MarieAnge.jpg-2880w-300x240.webp 300w, https:\/\/magnetiseuse-noeux-les-mines.com\/wp-content\/uploads\/2022\/06\/MarieAnge.jpg-2880w-600x480.webp 600w, https:\/\/magnetiseuse-noeux-les-mines.com\/wp-content\/uploads\/2022\/06\/MarieAnge.jpg-2880w.webp 750w\" sizes=\"auto, (max-width: 512px) 100vw, 512px\" \/><img loading=\"lazy\" decoding=\"async\" class=\"alignnone  wp-image-173\" src=\"http:\/\/magnetiseuse-noeux-les-mines.com\/wp-content\/uploads\/2022\/06\/Marie-2BAnge-2Bre-CC-81duite-2BLa-2BReine-1280w.webp\" alt=\"\" width=\"222\" height=\"411\"><\/p>\n<\/div>\n<\/div>\n\n\n\n<div style=\"height:52px\" aria-hidden=\"true\" class=\"wp-block-spacer\"><\/div>\n\n\n\n<div class=\"wp-block-columns alignwide has-blush-light-purple-gradient-background has-background is-layout-flex wp-container-core-columns-is-layout-28f84493 wp-block-columns-is-layout-flex\">\n<div class=\"wp-block-column is-layout-flow wp-block-column-is-layout-flow\"><div id=\"google-business-reviews-rating\" class=\"google-business-reviews-rating gmbrr narrow center stars-css carousel\" data-view=\"11\">\r\n\t<h2 class=\"heading\"><span class=\"icon\"><img decoding=\"async\" src=\"https:\/\/magnetiseuse-noeux-les-mines.com\/wp-content\/uploads\/2022\/06\/energie_corps-320w.webp\" alt=\"Marie-Ange DELVAL Icon\"><\/span>Marie-Ange DELVAL<\/h2>\r\n\t<p class=\"rating\"><span class=\"number\">4,3<\/span> <span class=\"all-stars animate\"><span class=\"star\"><\/span><span class=\"star\"><\/span><span class=\"star\"><\/span><span class=\"star\"><\/span><span class=\"star split-30-70\"><\/span><\/span> <a href=\"https:\/\/search.google.com\/local\/reviews?placeid=ChIJNSohpcw83UcRJGN_GYWHl8s\" target=\"_blank\" rel=\"nofollow\" class=\"count\">48 reviews<\/a><\/p>\r\n\t<p class=\"attribution\"><span class=\"powered-by-google\" title=\"Powered by Google\"><\/span><\/p>\r\n<\/div>\r\n\n<\/div>\n\n\n\n<div class=\"wp-block-column is-vertically-aligned-center is-layout-flow wp-block-column-is-layout-flow\">\n<div class=\"wp-block-buttons alignwide is-content-justification-center is-layout-flex wp-container-core-buttons-is-layout-72caf8c6 wp-block-buttons-is-layout-flex\">\n<div class=\"wp-block-button\"><a class=\"wp-block-button__link has-black-color has-text-color has-background wp-element-button\" href=\"http:\/\/magnetiseuse-noeux-les-mines.com\/index.php\/gwolle_gb-2\/\" style=\"background:radial-gradient(rgb(74,234,220) 0%,rgb(151,120,209) 20%,rgb(207,42,186) 40%,rgb(238,44,130) 60%,rgb(251,105,98) 80%,rgb(254,248,76) 100%)\"><strong>Laissez votre avis<\/strong><\/a><\/div>\n<\/div>\n<\/div>\n<\/div>\n","protected":false},"excerpt":{"rendered":"<p>Votre conseill\u00e8re en phyto-naturopathie La phytoth\u00e9rapie est un pan de la naturopathie, sous forme de compl\u00e9ments alimentaires et de plantes m\u00e9dicinales utilis\u00e9es selon diverses pr\u00e9parations. Form\u00e9e aux m\u00e9decines naturelles et \u00e0 l&rsquo;ethnom\u00e9decine, Marie Ange DELVAL met ses connaissances au service de votre bien-\u00eatre \u00e0 N\u0153ux-les-Mines.&nbsp; Professionnelle reconnue, ayant suivi un cursus qui lui permet d\u2019intervenir &hellip; <\/p>\n<p class=\"link-more\"><a href=\"https:\/\/magnetiseuse-noeux-les-mines.com\/index.php\/phyto-naturopathie\/\" class=\"more-link\">Lire la suite de<span class=\"screen-reader-text\">\u00ab\u00a0Phyto-naturopathie\u00a0\u00bb<\/span><\/a><\/p>\n","protected":false},"author":2,"featured_media":0,"parent":0,"menu_order":0,"comment_status":"closed","ping_status":"closed","template":"","meta":{"inspiro_hide_title":false,"footnotes":""},"class_list":["post-544","page","type-page","status-publish","hentry"],"jetpack_sharing_enabled":true,"_links":{"self":[{"href":"https:\/\/magnetiseuse-noeux-les-mines.com\/index.php\/wp-json\/wp\/v2\/pages\/544","targetHints":{"allow":["GET"]}}],"collection":[{"href":"https:\/\/magnetiseuse-noeux-les-mines.com\/index.php\/wp-json\/wp\/v2\/pages"}],"about":[{"href":"https:\/\/magnetiseuse-noeux-les-mines.com\/index.php\/wp-json\/wp\/v2\/types\/page"}],"author":[{"embeddable":true,"href":"https:\/\/magnetiseuse-noeux-les-mines.com\/index.php\/wp-json\/wp\/v2\/users\/2"}],"replies":[{"embeddable":true,"href":"https:\/\/magnetiseuse-noeux-les-mines.com\/index.php\/wp-json\/wp\/v2\/comments?post=544"}],"version-history":[{"count":70,"href":"https:\/\/magnetiseuse-noeux-les-mines.com\/index.php\/wp-json\/wp\/v2\/pages\/544\/revisions"}],"predecessor-version":[{"id":1717,"href":"https:\/\/magnetiseuse-noeux-les-mines.com\/index.php\/wp-json\/wp\/v2\/pages\/544\/revisions\/1717"}],"wp:attachment":[{"href":"https:\/\/magnetiseuse-noeux-les-mines.com\/index.php\/wp-json\/wp\/v2\/media?parent=544"}],"curies":[{"name":"wp","href":"https:\/\/api.w.org\/{rel}","templated":true}]}}