{"id":496,"date":"2022-07-22T09:20:42","date_gmt":"2022-07-22T07:20:42","guid":{"rendered":"http:\/\/magnetiseuse-noeux-les-mines.com\/?page_id=496"},"modified":"2023-01-24T10:10:00","modified_gmt":"2023-01-24T09:10:00","slug":"multi-reflexologie-dien-chan","status":"publish","type":"page","link":"https:\/\/magnetiseuse-noeux-les-mines.com\/index.php\/multi-reflexologie-dien-chan\/","title":{"rendered":"Multi-reflexologie DIEN CHAN"},"content":{"rendered":"\n<div class=\"wp-block-cover alignfull is-light has-parallax\"><span aria-hidden=\"true\" class=\"wp-block-cover__background has-background-dim-20 has-background-dim\"><\/span><div role=\"img\" class=\"wp-block-cover__image-background wp-image-497 has-parallax\" style=\"background-position:50% 50%;background-image:url(http:\/\/magnetiseuse-noeux-les-mines.com\/wp-content\/uploads\/2022\/07\/VERS_LE_CIEL2-2880w.webp)\"><\/div><div class=\"wp-block-cover__inner-container is-layout-flow wp-block-cover-is-layout-flow\">\n<h1 class=\"alignfull has-text-align-center has-white-color has-text-color has-x-large-font-size wp-block-heading\">Dien Chan \u00e0 N\u0153ux-les-Mines: d\u00e9couvrez la m\u00e9thode de r\u00e9flexologie faciale<\/h1>\n\n\n\n<div class=\"wp-block-buttons is-layout-flex wp-block-buttons-is-layout-flex\">\n<div class=\"wp-block-button is-style-outline is-style-outline--1\"><a class=\"wp-block-button__link has-black-color has-text-color has-background wp-element-button\" href=\"http:\/\/magnetiseuse-noeux-les-mines.com\/index.php\/contact\/\" style=\"background:radial-gradient(rgba(252,185,0,1) 0%,rgba(255,105,0,1) 100%)\">Contactez-la<\/a><\/div>\n<\/div>\n<\/div><\/div>\n\n\n\n<h1 class=\"alignwide has-text-align-center has-luminous-vivid-amber-color has-text-color wp-block-heading\">Votre praticienne dipl\u00f4m\u00e9e<\/h1>\n\n\n\n<p style=\"font-size:clamp(14px, 0.875rem + ((1vw - 3.2px) * 0.177), 16px);\">Marie Ange DELVAL, magn\u00e9tiseuse et voyante reconnue \u00e0 N\u0153ux-les-Mines, vous accueille dans son cabinet dans une ambiance chaleureuse et bienveillante.<\/p>\n\n\n\n<p style=\"font-size:clamp(14px, 0.875rem + ((1vw - 3.2px) * 0.177), 16px);\">Apr\u00e8s l&rsquo;imposition de ses mains, elle met en \u0153uvre la <strong>m\u00e9thode Dien Chan<\/strong>&nbsp;de r\u00e9flexologie faciale \u00e0 l&rsquo;aide des outils du Professeur B\u00f9i Qu\u00f4c Ch<strong>\u00e2u.<\/strong><\/p>\n\n\n\n<p style=\"font-size:clamp(14px, 0.875rem + ((1vw - 3.2px) * 0.177), 16px);\">Marie Ange a suivi avec succ\u00e8s le cursus d\u2019\u00e9tude de l&rsquo;Acad\u00e9mie<strong> Dien Chan<\/strong> de Paris avec le professeur ayant  atteint le plus haut niveau 10.<\/p>\n\n\n\n<p style=\"font-size:clamp(14px, 0.875rem + ((1vw - 3.2px) * 0.177), 16px);\">Gr\u00e2ce \u00e0 son exp\u00e9rience et \u00e0 son don, Marie Ange est en mesure de r\u00e9\u00e9quilibrer les trois parties de l&rsquo;\u00eatre humain : le<strong> physique<\/strong>, le <strong>psychique<\/strong> et l&rsquo;<strong>\u00e9nerg\u00e9tique<\/strong>.<\/p>\n\n\n\n<div style=\"height:12px\" aria-hidden=\"true\" class=\"wp-block-spacer\"><\/div>\n\n\n\n<div class=\"wp-block-buttons is-layout-flex wp-block-buttons-is-layout-flex\">\n<div class=\"wp-block-button aligncenter is-style-outline is-style-outline--2\"><a class=\"wp-block-button__link has-black-color has-text-color has-background wp-element-button\" href=\"http:\/\/magnetiseuse-noeux-les-mines.com\/index.php\/contact\/\" style=\"background:radial-gradient(rgba(252,185,0,1) 0%,rgba(255,105,0,1) 100%)\">Prendre RENDEZ-VOUS<\/a><\/div>\n<\/div>\n\n\n\n<div style=\"height:26px\" aria-hidden=\"true\" class=\"wp-block-spacer\"><\/div>\n\n\n\n<div class=\"wp-block-group is-layout-flow wp-block-group-is-layout-flow\">\n<div class=\"wp-block-columns alignwide are-vertically-aligned-top is-layout-flex wp-container-core-columns-is-layout-28f84493 wp-block-columns-is-layout-flex\">\n<div class=\"wp-block-column is-vertically-aligned-top is-layout-flow wp-block-column-is-layout-flow\">\n<figure class=\"wp-block-image alignwide size-full\"><img loading=\"lazy\" decoding=\"async\" width=\"320\" height=\"238\" src=\"http:\/\/magnetiseuse-noeux-les-mines.com\/wp-content\/uploads\/2022\/07\/professeur-320w.webp\" alt=\"\" class=\"wp-image-509\" srcset=\"https:\/\/magnetiseuse-noeux-les-mines.com\/wp-content\/uploads\/2022\/07\/professeur-320w.webp 320w, https:\/\/magnetiseuse-noeux-les-mines.com\/wp-content\/uploads\/2022\/07\/professeur-320w-300x223.webp 300w\" sizes=\"auto, (max-width: 320px) 100vw, 320px\" \/><\/figure>\n<\/div>\n\n\n\n<div class=\"wp-block-column is-vertically-aligned-top is-layout-flow wp-block-column-is-layout-flow\">\n<figure class=\"wp-block-image alignwide size-full\"><img loading=\"lazy\" decoding=\"async\" width=\"320\" height=\"238\" src=\"http:\/\/magnetiseuse-noeux-les-mines.com\/wp-content\/uploads\/2022\/07\/dien-chan-dieu-khien-lieu-phap-bui-quoc-chau.jpg-320w.webp\" alt=\"\" class=\"wp-image-510\" srcset=\"https:\/\/magnetiseuse-noeux-les-mines.com\/wp-content\/uploads\/2022\/07\/dien-chan-dieu-khien-lieu-phap-bui-quoc-chau.jpg-320w.webp 320w, https:\/\/magnetiseuse-noeux-les-mines.com\/wp-content\/uploads\/2022\/07\/dien-chan-dieu-khien-lieu-phap-bui-quoc-chau.jpg-320w-300x223.webp 300w\" sizes=\"auto, (max-width: 320px) 100vw, 320px\" \/><\/figure>\n<\/div>\n\n\n\n<div class=\"wp-block-column is-vertically-aligned-top is-layout-flow wp-block-column-is-layout-flow\">\n<figure class=\"wp-block-image alignwide size-full\"><img loading=\"lazy\" decoding=\"async\" width=\"720\" height=\"537\" src=\"http:\/\/magnetiseuse-noeux-les-mines.com\/wp-content\/uploads\/2022\/06\/multi_reflexologie-712d8897-1920w.webp\" alt=\"\" class=\"wp-image-86\" srcset=\"https:\/\/magnetiseuse-noeux-les-mines.com\/wp-content\/uploads\/2022\/06\/multi_reflexologie-712d8897-1920w.webp 720w, https:\/\/magnetiseuse-noeux-les-mines.com\/wp-content\/uploads\/2022\/06\/multi_reflexologie-712d8897-1920w-300x224.webp 300w, https:\/\/magnetiseuse-noeux-les-mines.com\/wp-content\/uploads\/2022\/06\/multi_reflexologie-712d8897-1920w-600x448.webp 600w\" sizes=\"auto, (max-width: 720px) 100vw, 720px\" \/><\/figure>\n<\/div>\n<\/div>\n<\/div>\n\n\n\n<div class=\"wp-block-cover alignfull is-light\"><span aria-hidden=\"true\" class=\"wp-block-cover__background has-background-dim-100 has-background-dim has-background-gradient\" style=\"background:radial-gradient(rgb(255,245,203) 0%,rgb(182,227,212) 50%,rgb(51,167,181) 100%)\"><\/span><div class=\"wp-block-cover__inner-container is-layout-flow wp-block-cover-is-layout-flow\">\n<p class=\"has-text-align-center\" style=\"font-size:clamp(20px, 1.25rem + ((1vw - 3.2px) * 1.062), 32px);\"><strong>Qu&rsquo;est-ce que le Dien Chan et la r\u00e9flexologie faciale ?&nbsp;<\/strong><\/p>\n\n\n\n<p style=\"font-size:clamp(14px, 0.875rem + ((1vw - 3.2px) * 0.177), 16px);\">Le Dien Chan (Dien : surface, Chan : soin, en vietnamien), a \u00e9t\u00e9 mis en \u0153uvre par le <strong>professeur B\u00fai Qu\u1ed1c Ch\u00e2u<\/strong>, acupuncteur vietnamien, dans les ann\u00e9es 1980-1990.&nbsp; Gr\u00e2ce \u00e0 sa pratique sur de nombreux patients, il d\u00e9couvre des points fixes sur le visage qui refl\u00e8tent \u00e0 la fois les organes internes et diverses parties du corps. Tout comme la r\u00e9flexologie plantaire qui stimule des points sur les pieds, la r\u00e9flexologie faciale stimule ces points du visage afin d&rsquo;avoir un effet sur les parties affect\u00e9es de notre corps.<\/p>\n\n\n\n<p style=\"font-size:clamp(14px, 0.875rem + ((1vw - 3.2px) * 0.177), 16px);\">La carte des \u00ab\u00a0points-bqc\u00a0\u00bb permet donc de stimuler des canaux \u00e9nerg\u00e9tiques. Transmettant d\u00e9j\u00e0 les fluides \u00e9nerg\u00e9tiques en tant que magn\u00e9tiseuse, Marie Ange peut vous soulager de nombreux maux.<\/p>\n<\/div><\/div>\n\n\n\n<div class=\"wp-block-group alignwide has-white-background-color has-background is-layout-flow wp-block-group-is-layout-flow\">\n<div class=\"wp-block-media-text has-media-on-the-right is-stacked-on-mobile is-image-fill has-background\" style=\"background-color:#ffe6e6\"><div class=\"wp-block-media-text__content\">\n<h1 class=\"has-luminous-vivid-amber-color has-text-color wp-block-heading\">Quels effets ?<\/h1>\n\n\n\n<p style=\"font-size:clamp(14px, 0.875rem + ((1vw - 3.2px) * 0.177), 16px);\">Gr\u00e2ce \u00e0 la <strong>multi-r\u00e9flexologie faciale<\/strong>, votre praticienne peut notamment :&nbsp;<\/p>\n\n\n\n<ul class=\"wp-block-list\" style=\"font-size:clamp(14px, 0.875rem + ((1vw - 3.2px) * 0.177), 16px);\">\n<li>soulager les maux quotidiens de mal \u00eatre;<\/li>\n\n\n\n<li>am\u00e9liorer la gestion du stress ;<\/li>\n\n\n\n<li>am\u00e9liorer le bien-\u00eatre g\u00e9n\u00e9ral ;<\/li>\n\n\n\n<li>gagner en tonus et en \u00e9nergie vitale ;<\/li>\n\n\n\n<li>r\u00e9\u00e9quilibrer son \u00e9nergie ;<\/li>\n\n\n\n<li>garder sa jeunesse.<\/li>\n<\/ul>\n\n\n\n<p style=\"font-size:clamp(14px, 0.875rem + ((1vw - 3.2px) * 0.177), 16px);\">Une personne  retrouve au fur et a mesure des s\u00e9ances : son \u00e9nergie, la joie de vivre et le bien-\u00eatre quotidien.<\/p>\n<\/div><figure class=\"wp-block-media-text__media\" style=\"background-image:url(http:\/\/magnetiseuse-noeux-les-mines.com\/wp-content\/uploads\/2022\/07\/dien_chan-2880w-227x300.webp);background-position:50% 50%\"><img loading=\"lazy\" decoding=\"async\" width=\"227\" height=\"300\" src=\"http:\/\/magnetiseuse-noeux-les-mines.com\/wp-content\/uploads\/2022\/07\/dien_chan-2880w-227x300.webp\" alt=\"multi-r\u00e9flexologie faciale\" class=\"wp-image-515 size-medium\" srcset=\"https:\/\/magnetiseuse-noeux-les-mines.com\/wp-content\/uploads\/2022\/07\/dien_chan-2880w-227x300.webp 227w, https:\/\/magnetiseuse-noeux-les-mines.com\/wp-content\/uploads\/2022\/07\/dien_chan-2880w.webp 360w\" sizes=\"auto, (max-width: 227px) 100vw, 227px\" \/><\/figure><\/div>\n<\/div>\n\n\n\n<div style=\"height:100px\" aria-hidden=\"true\" class=\"wp-block-spacer\"><\/div>\n\n\n\n<div class=\"wp-block-group alignwide is-layout-flow wp-block-group-is-layout-flow\">\n<div class=\"wp-block-media-text alignwide is-stacked-on-mobile is-vertically-aligned-center has-background\" style=\"background-color:#f2f2f2\"><figure class=\"wp-block-media-text__media\"><img loading=\"lazy\" decoding=\"async\" width=\"872\" height=\"767\" src=\"http:\/\/magnetiseuse-noeux-les-mines.com\/wp-content\/uploads\/2022\/10\/ville-de-lievin.png\" alt=\"\" class=\"wp-image-1327 size-full\" srcset=\"https:\/\/magnetiseuse-noeux-les-mines.com\/wp-content\/uploads\/2022\/10\/ville-de-lievin.png 872w, https:\/\/magnetiseuse-noeux-les-mines.com\/wp-content\/uploads\/2022\/10\/ville-de-lievin-300x264.png 300w, https:\/\/magnetiseuse-noeux-les-mines.com\/wp-content\/uploads\/2022\/10\/ville-de-lievin-768x676.png 768w\" sizes=\"auto, (max-width: 872px) 100vw, 872px\" \/><\/figure><div class=\"wp-block-media-text__content\">\n<div class=\"wp-block-buttons is-content-justification-center is-layout-flex wp-container-core-buttons-is-layout-a89b3969 wp-block-buttons-is-layout-flex\">\n<div class=\"wp-block-button is-style-outline is-style-outline--3\"><a class=\"wp-block-button__link has-black-color has-text-color has-background wp-element-button\" href=\"http:\/\/magnetiseuse-noeux-les-mines.com\/index.php\/reportages-articles\/\" style=\"background:radial-gradient(rgba(252,185,0,1) 0%,rgba(255,105,0,1) 100%)\">on parle d&rsquo;elle ici<\/a><\/div>\n<\/div>\n\n\n\n<p style=\"font-size:clamp(14px, 0.875rem + ((1vw - 3.2px) * 0.177), 16px);\"><\/p>\n\n\n\n<p style=\"font-size:clamp(14px, 0.875rem + ((1vw - 3.2px) * 0.177), 16px);\">Vous pouvez \u00e9galement la d\u00e9couvrir plus en d\u00e9tails au travers de reportages et d&rsquo;articles.<\/p>\n\n\n\n<div style=\"height:100px\" aria-hidden=\"true\" class=\"wp-block-spacer\"><\/div>\n<\/div><\/div>\n<\/div>\n\n\n\n<div style=\"height:40px\" aria-hidden=\"true\" class=\"wp-block-spacer\"><\/div>\n\n\n\n<div class=\"wp-block-group alignfull is-layout-flow wp-block-group-is-layout-flow\">\n<div class=\"wp-block-cover alignfull is-light has-parallax\" style=\"background-image:url(http:\/\/magnetiseuse-noeux-les-mines.com\/wp-content\/uploads\/2022\/06\/calme_serein_magnetisme-1920w-2.webp);min-height:895px;aspect-ratio:unset;\"><span aria-hidden=\"true\" class=\"wp-block-cover__background has-background-dim-30 has-background-dim\"><\/span><div class=\"wp-block-cover__inner-container is-layout-flow wp-block-cover-is-layout-flow\">\n<p class=\"has-text-align-center has-luminous-vivid-amber-color has-text-color has-large-font-size\">R\u00e9f\u00e9rences<\/p>\n\n\n\n<div class=\"wp-block-media-text alignwide is-stacked-on-mobile is-vertically-aligned-center\" style=\"grid-template-columns:21% auto\"><figure class=\"wp-block-media-text__media\"><a href=\"https:\/\/www.academiedienchan.com\"><img loading=\"lazy\" decoding=\"async\" width=\"320\" height=\"320\" src=\"http:\/\/magnetiseuse-noeux-les-mines.com\/wp-content\/uploads\/2022\/06\/AcademieDienChan.jpg-384w.webp\" alt=\"\" class=\"wp-image-124 size-full\" srcset=\"https:\/\/magnetiseuse-noeux-les-mines.com\/wp-content\/uploads\/2022\/06\/AcademieDienChan.jpg-384w.webp 320w, https:\/\/magnetiseuse-noeux-les-mines.com\/wp-content\/uploads\/2022\/06\/AcademieDienChan.jpg-384w-300x300.webp 300w, https:\/\/magnetiseuse-noeux-les-mines.com\/wp-content\/uploads\/2022\/06\/AcademieDienChan.jpg-384w-150x150.webp 150w\" sizes=\"auto, (max-width: 320px) 100vw, 320px\" \/><\/a><\/figure><div class=\"wp-block-media-text__content\">\n<h1 class=\"has-black-color has-text-color wp-block-heading\" id=\"1663584955\">Acad\u00e9mie Dien Chan de Paris<\/h1>\n\n\n\n<div style=\"height:25px\" aria-hidden=\"true\" class=\"wp-block-spacer\"><\/div>\n\n\n\n<h5 class=\"has-cyan-bluish-gray-color has-text-color wp-block-heading\">Cliquez sur l&rsquo;image pour visit\u00e9 le site<\/h5>\n<\/div><\/div>\n\n\n\n<hr class=\"wp-block-separator has-alpha-channel-opacity is-style-dots\"\/>\n\n\n\n<div class=\"wp-block-media-text alignwide is-stacked-on-mobile\" style=\"grid-template-columns:21% auto\"><figure class=\"wp-block-media-text__media\"><a href=\"https:\/\/flmne.org\"><img loading=\"lazy\" decoding=\"async\" width=\"390\" height=\"390\" src=\"http:\/\/magnetiseuse-noeux-les-mines.com\/wp-content\/uploads\/2022\/06\/FaculteLibredeMedecinesNaturellesetd-Ethnomedecine.jpg-392w.webp\" alt=\"\" class=\"wp-image-125 size-full\" srcset=\"https:\/\/magnetiseuse-noeux-les-mines.com\/wp-content\/uploads\/2022\/06\/FaculteLibredeMedecinesNaturellesetd-Ethnomedecine.jpg-392w.webp 390w, https:\/\/magnetiseuse-noeux-les-mines.com\/wp-content\/uploads\/2022\/06\/FaculteLibredeMedecinesNaturellesetd-Ethnomedecine.jpg-392w-300x300.webp 300w, https:\/\/magnetiseuse-noeux-les-mines.com\/wp-content\/uploads\/2022\/06\/FaculteLibredeMedecinesNaturellesetd-Ethnomedecine.jpg-392w-150x150.webp 150w\" sizes=\"auto, (max-width: 390px) 100vw, 390px\" \/><\/a><\/figure><div class=\"wp-block-media-text__content\">\n<h1 class=\"wp-block-heading\" id=\"1950221897\">Facult\u00e9 Libre de M\u00e9decines<\/h1>\n\n\n\n<h1 class=\"wp-block-heading\" id=\"1950221897\">Naturelles et d&rsquo;Ethnom\u00e9decine<\/h1>\n\n\n\n<h5 class=\"has-cyan-bluish-gray-color has-text-color wp-block-heading\">Cliquez sur l&rsquo;image pour visit\u00e9 le site<\/h5>\n<\/div><\/div>\n\n\n\n<hr class=\"wp-block-separator has-alpha-channel-opacity is-style-dots\"\/>\n\n\n\n<div class=\"wp-block-media-text alignwide is-stacked-on-mobile\" style=\"grid-template-columns:21% auto\"><figure class=\"wp-block-media-text__media\"><a href=\"https:\/\/www.herbolistique.com\"><img loading=\"lazy\" decoding=\"async\" width=\"206\" height=\"153\" src=\"http:\/\/magnetiseuse-noeux-les-mines.com\/wp-content\/uploads\/2022\/09\/Logo-Herbolistique.jpg\" alt=\"Logo-Herbolistique*\" class=\"wp-image-967 size-full\"\/><\/a><\/figure><div class=\"wp-block-media-text__content\">\n<h1 class=\"has-large-font-size wp-block-heading\">Les Laboratoires Herbolistique\u00a0<\/h1>\n\n\n\n<h5 class=\"has-cyan-bluish-gray-color has-text-color wp-block-heading\">Cliquez sur l&rsquo;image pour visit\u00e9 le site<\/h5>\n<\/div><\/div>\n<\/div><\/div>\n<\/div>\n\n\n\n<div class=\"wp-block-group alignfull has-background is-layout-flow wp-block-group-is-layout-flow\" style=\"background:radial-gradient(rgba(6,147,227,1) 0%,rgb(155,81,224) 100%)\">\n<figure class=\"wp-block-image alignwide size-large\"><img loading=\"lazy\" decoding=\"async\" width=\"1024\" height=\"717\" src=\"http:\/\/magnetiseuse-noeux-les-mines.com\/wp-content\/uploads\/2022\/06\/pochette-dvd-1024x717.jpg\" alt=\"\" class=\"wp-image-343\" srcset=\"https:\/\/magnetiseuse-noeux-les-mines.com\/wp-content\/uploads\/2022\/06\/pochette-dvd-1024x717.jpg 1024w, https:\/\/magnetiseuse-noeux-les-mines.com\/wp-content\/uploads\/2022\/06\/pochette-dvd-300x210.jpg 300w, https:\/\/magnetiseuse-noeux-les-mines.com\/wp-content\/uploads\/2022\/06\/pochette-dvd-768x538.jpg 768w, https:\/\/magnetiseuse-noeux-les-mines.com\/wp-content\/uploads\/2022\/06\/pochette-dvd-1536x1076.jpg 1536w, https:\/\/magnetiseuse-noeux-les-mines.com\/wp-content\/uploads\/2022\/06\/pochette-dvd-2048x1434.jpg 2048w, https:\/\/magnetiseuse-noeux-les-mines.com\/wp-content\/uploads\/2022\/06\/pochette-dvd-2000x1401.jpg 2000w, https:\/\/magnetiseuse-noeux-les-mines.com\/wp-content\/uploads\/2022\/06\/pochette-dvd-600x420.jpg 600w\" sizes=\"auto, (max-width: 1024px) 100vw, 1024px\" \/><\/figure>\n\n\n\n<div class=\"wp-block-buttons alignfull is-layout-flex wp-block-buttons-is-layout-flex\">\n<div class=\"wp-block-button aligncenter is-style-outline is-style-outline--4\"><a class=\"wp-block-button__link has-black-color has-text-color has-background\" href=\"http:\/\/magnetiseuse-noeux-les-mines.com\/index.php\/reportages-articles\/\" style=\"background:radial-gradient(rgba(252,185,0,1) 0%,rgba(255,105,0,1) 100%)\">film documentaire \u00ab\u00a0Marie Ange\u00a0\u00bb<\/a><\/div>\n<\/div>\n\n\n\n<div style=\"height:100px\" aria-hidden=\"true\" class=\"wp-block-spacer\"><\/div>\n\n\n\n<div class=\"wp-block-group is-layout-flow wp-block-group-is-layout-flow\">\n<p><img loading=\"lazy\" decoding=\"async\" class=\"wp-image-285 alignleft\" src=\"http:\/\/magnetiseuse-noeux-les-mines.com\/wp-content\/uploads\/2022\/06\/MarieAnge.jpg-2880w-300x240.webp\" alt=\"\" width=\"512\" height=\"410\" srcset=\"https:\/\/magnetiseuse-noeux-les-mines.com\/wp-content\/uploads\/2022\/06\/MarieAnge.jpg-2880w-300x240.webp 300w, https:\/\/magnetiseuse-noeux-les-mines.com\/wp-content\/uploads\/2022\/06\/MarieAnge.jpg-2880w-600x480.webp 600w, https:\/\/magnetiseuse-noeux-les-mines.com\/wp-content\/uploads\/2022\/06\/MarieAnge.jpg-2880w.webp 750w\" sizes=\"auto, (max-width: 512px) 100vw, 512px\" \/><img loading=\"lazy\" decoding=\"async\" class=\"alignnone  wp-image-173\" src=\"http:\/\/magnetiseuse-noeux-les-mines.com\/wp-content\/uploads\/2022\/06\/Marie-2BAnge-2Bre-CC-81duite-2BLa-2BReine-1280w.webp\" alt=\"\" width=\"222\" height=\"411\"><\/p>\n<\/div>\n<\/div>\n\n\n\n<div style=\"height:52px\" aria-hidden=\"true\" class=\"wp-block-spacer\"><\/div>\n\n\n\n<div class=\"wp-block-columns alignwide has-blush-light-purple-gradient-background has-background is-layout-flex wp-container-core-columns-is-layout-28f84493 wp-block-columns-is-layout-flex\">\n<div class=\"wp-block-column is-layout-flow wp-block-column-is-layout-flow\"><div id=\"google-business-reviews-rating\" class=\"google-business-reviews-rating gmbrr narrow center stars-css carousel\" data-view=\"11\">\r\n\t<h2 class=\"heading\"><span class=\"icon\"><img decoding=\"async\" src=\"https:\/\/magnetiseuse-noeux-les-mines.com\/wp-content\/uploads\/2022\/06\/energie_corps-320w.webp\" alt=\"Marie-Ange DELVAL Icon\"><\/span>Marie-Ange DELVAL<\/h2>\r\n\t<p class=\"rating\"><span class=\"number\">4,3<\/span> <span class=\"all-stars animate\"><span class=\"star\"><\/span><span class=\"star\"><\/span><span class=\"star\"><\/span><span class=\"star\"><\/span><span class=\"star split-30-70\"><\/span><\/span> <a href=\"https:\/\/search.google.com\/local\/reviews?placeid=ChIJNSohpcw83UcRJGN_GYWHl8s\" target=\"_blank\" rel=\"nofollow\" class=\"count\">48 reviews<\/a><\/p>\r\n\t<p class=\"attribution\"><span class=\"powered-by-google\" title=\"Powered by Google\"><\/span><\/p>\r\n<\/div>\r\n\n<\/div>\n\n\n\n<div class=\"wp-block-column is-vertically-aligned-center is-layout-flow wp-block-column-is-layout-flow\">\n<div class=\"wp-block-buttons alignwide is-content-justification-center is-layout-flex wp-container-core-buttons-is-layout-72caf8c6 wp-block-buttons-is-layout-flex\">\n<div class=\"wp-block-button\"><a class=\"wp-block-button__link has-black-color has-text-color has-background wp-element-button\" href=\"http:\/\/magnetiseuse-noeux-les-mines.com\/index.php\/gwolle_gb-2\/\" style=\"background:radial-gradient(rgb(74,234,220) 0%,rgb(151,120,209) 20%,rgb(207,42,186) 40%,rgb(238,44,130) 60%,rgb(251,105,98) 80%,rgb(254,248,76) 100%)\"><strong>Laissez votre avis<\/strong><\/a><\/div>\n<\/div>\n<\/div>\n<\/div>\n","protected":false},"excerpt":{"rendered":"<p>Votre praticienne dipl\u00f4m\u00e9e Marie Ange DELVAL, magn\u00e9tiseuse et voyante reconnue \u00e0 N\u0153ux-les-Mines, vous accueille dans son cabinet dans une ambiance chaleureuse et bienveillante. Apr\u00e8s l&rsquo;imposition de ses mains, elle met en \u0153uvre la m\u00e9thode Dien Chan&nbsp;de r\u00e9flexologie faciale \u00e0 l&rsquo;aide des outils du Professeur B\u00f9i Qu\u00f4c Ch\u00e2u. Marie Ange a suivi avec succ\u00e8s le cursus &hellip; <\/p>\n<p class=\"link-more\"><a href=\"https:\/\/magnetiseuse-noeux-les-mines.com\/index.php\/multi-reflexologie-dien-chan\/\" class=\"more-link\">Lire la suite de<span class=\"screen-reader-text\">\u00ab\u00a0Multi-reflexologie DIEN CHAN\u00a0\u00bb<\/span><\/a><\/p>\n","protected":false},"author":2,"featured_media":0,"parent":0,"menu_order":0,"comment_status":"closed","ping_status":"closed","template":"","meta":{"inspiro_hide_title":false,"footnotes":""},"class_list":["post-496","page","type-page","status-publish","hentry"],"jetpack_sharing_enabled":true,"_links":{"self":[{"href":"https:\/\/magnetiseuse-noeux-les-mines.com\/index.php\/wp-json\/wp\/v2\/pages\/496","targetHints":{"allow":["GET"]}}],"collection":[{"href":"https:\/\/magnetiseuse-noeux-les-mines.com\/index.php\/wp-json\/wp\/v2\/pages"}],"about":[{"href":"https:\/\/magnetiseuse-noeux-les-mines.com\/index.php\/wp-json\/wp\/v2\/types\/page"}],"author":[{"embeddable":true,"href":"https:\/\/magnetiseuse-noeux-les-mines.com\/index.php\/wp-json\/wp\/v2\/users\/2"}],"replies":[{"embeddable":true,"href":"https:\/\/magnetiseuse-noeux-les-mines.com\/index.php\/wp-json\/wp\/v2\/comments?post=496"}],"version-history":[{"count":79,"href":"https:\/\/magnetiseuse-noeux-les-mines.com\/index.php\/wp-json\/wp\/v2\/pages\/496\/revisions"}],"predecessor-version":[{"id":1705,"href":"https:\/\/magnetiseuse-noeux-les-mines.com\/index.php\/wp-json\/wp\/v2\/pages\/496\/revisions\/1705"}],"wp:attachment":[{"href":"https:\/\/magnetiseuse-noeux-les-mines.com\/index.php\/wp-json\/wp\/v2\/media?parent=496"}],"curies":[{"name":"wp","href":"https:\/\/api.w.org\/{rel}","templated":true}]}}