{"id":190,"date":"2022-06-26T19:23:15","date_gmt":"2022-06-26T17:23:15","guid":{"rendered":"http:\/\/magnetiseuse-noeux-les-mines.com\/?page_id=190"},"modified":"2022-06-26T21:28:58","modified_gmt":"2022-06-26T19:28:58","slug":"mentions-legales","status":"publish","type":"page","link":"http:\/\/magnetiseuse-noeux-les-mines.com\/index.php\/mentions-legales\/","title":{"rendered":"MENTIONS L\u00c9GALES"},"content":{"rendered":"\n<figure class=\"wp-block-pullquote alignfull has-text-align-center has-large-font-size\"><blockquote><p><\/p><cite><strong>Ce site est \u00e9dit\u00e9 par :  <\/strong>MADAME MARIE-ANGE DELVAL<br>&nbsp;<br><strong>Adresse : <\/strong>2 RUE DU GENERAL LECLERC 62290 NOEUX LES MINES FRANCE<br>&nbsp;<br><strong>Adresse \u00e9lectronique :<\/strong><br>&nbsp;<br><strong>T\u00e9l\u00e9phone <\/strong>: 03 21 64 12 54<br>&nbsp;<br><strong>N\u00b0 SIRET<\/strong> <strong>de l\u2019\u00e9tablissement : <\/strong>33293544400031<br>&nbsp;<br><strong>Directeur de r\u00e9daction<\/strong> <strong>et de publication :<\/strong> MADAME MARIE-ANGE DELVAL<br><br>Ce site a \u00e9t\u00e9 con\u00e7u et r\u00e9alis\u00e9 par <a href=\"http:\/\/stsospc.fr\"><strong>STOSOPC<\/strong><\/a><br><br>&nbsp;L\u2019h\u00e9bergeur du site est : <a href=\"https:\/\/www.ovhcloud.com\">OVH SAS<\/a> est une filiale de la soci\u00e9t\u00e9 OVH Groupe SAS,<br>soci\u00e9t\u00e9 immatricul\u00e9e au RCS de Lille sous le num\u00e9ro 537 407 926 sise<br>2, rue Kellermann, 59100 Roubaix..<\/cite><\/blockquote><\/figure>\n","protected":false},"excerpt":{"rendered":"<p>Ce site est \u00e9dit\u00e9 par : MADAME MARIE-ANGE DELVAL&nbsp;Adresse : 2 RUE DU GENERAL LECLERC 62290 NOEUX LES MINES FRANCE&nbsp;Adresse \u00e9lectronique :&nbsp;T\u00e9l\u00e9phone : 03 21 64 12 54&nbsp;N\u00b0 SIRET de l\u2019\u00e9tablissement : 33293544400031&nbsp;Directeur de r\u00e9daction et de publication : MADAME MARIE-ANGE DELVAL Ce site a \u00e9t\u00e9 con\u00e7u et r\u00e9alis\u00e9 par STOSOPC &nbsp;L\u2019h\u00e9bergeur du site est &hellip; <\/p>\n<p class=\"link-more\"><a href=\"http:\/\/magnetiseuse-noeux-les-mines.com\/index.php\/mentions-legales\/\" class=\"more-link\">Lire la suite de<span class=\"screen-reader-text\">\u00ab\u00a0MENTIONS L\u00c9GALES\u00a0\u00bb<\/span><\/a><\/p>\n","protected":false},"author":2,"featured_media":0,"parent":0,"menu_order":0,"comment_status":"closed","ping_status":"closed","template":"","meta":{"inspiro_hide_title":false,"footnotes":""},"class_list":["post-190","page","type-page","status-publish","hentry"],"jetpack_sharing_enabled":true,"_links":{"self":[{"href":"http:\/\/magnetiseuse-noeux-les-mines.com\/index.php\/wp-json\/wp\/v2\/pages\/190","targetHints":{"allow":["GET"]}}],"collection":[{"href":"http:\/\/magnetiseuse-noeux-les-mines.com\/index.php\/wp-json\/wp\/v2\/pages"}],"about":[{"href":"http:\/\/magnetiseuse-noeux-les-mines.com\/index.php\/wp-json\/wp\/v2\/types\/page"}],"author":[{"embeddable":true,"href":"http:\/\/magnetiseuse-noeux-les-mines.com\/index.php\/wp-json\/wp\/v2\/users\/2"}],"replies":[{"embeddable":true,"href":"http:\/\/magnetiseuse-noeux-les-mines.com\/index.php\/wp-json\/wp\/v2\/comments?post=190"}],"version-history":[{"count":19,"href":"http:\/\/magnetiseuse-noeux-les-mines.com\/index.php\/wp-json\/wp\/v2\/pages\/190\/revisions"}],"predecessor-version":[{"id":217,"href":"http:\/\/magnetiseuse-noeux-les-mines.com\/index.php\/wp-json\/wp\/v2\/pages\/190\/revisions\/217"}],"wp:attachment":[{"href":"http:\/\/magnetiseuse-noeux-les-mines.com\/index.php\/wp-json\/wp\/v2\/media?parent=190"}],"curies":[{"name":"wp","href":"https:\/\/api.w.org\/{rel}","templated":true}]}}